{"id":1200,"date":"2021-08-24T20:24:14","date_gmt":"2021-08-24T18:24:14","guid":{"rendered":"https:\/\/site.uit.no\/via\/?page_id=1200"},"modified":"2021-08-24T20:43:45","modified_gmt":"2021-08-24T18:43:45","slug":"vilkar-for-bruk-av-utstyr","status":"publish","type":"page","link":"https:\/\/site.uit.no\/via\/pris-og-vilkar\/vilkar-for-bruk-av-utstyr\/","title":{"rendered":"Vilk\u00e5r for bruk av utstyr"},"content":{"rendered":"<h2><span style=\"color: #808080\">Vilk\u00e5r for bruk av utstyr i Visualiseringssenteret i Arktis<\/span><\/h2>\n<h3><span style=\"color: #808080\">Beskrivelse av lokalene<\/span><\/h3>\n<p>Lokalene for Visualiseringssenteret i Arktis (ViA) p\u00e5 UiT i Alta fordeler seg p\u00e5 ca. 200kvm. ViA best\u00e5r av tre rom som g\u00e5r under f\u00f8lgende navn; Svartholet, Kvithellhula og Trifon. Svartholet og Kvithellhula er tiltenkt undervisning\/fremvisning\/m\u00f8teaktivitet, mens Trifon er et mingle\/spiseomr\u00e5de tilrettelagt for enkel servering.<\/p>\n<p>Universitetet inng\u00e5r i et tett samarbeid med det lokale n\u00e6ringsliv og offentlig sektor rundt bruken av ViA. Den daglige driften av ViA tas h\u00e5nd om av en senterkoordinator tilsatt ved UiT.<\/p>\n<p>Det viser for \u00f8vrig til hjemmeside for senteret: <a href=\"https:\/\/site.uit.no\/via\/\">https:\/\/site.uit.no\/via\/<\/a><\/p>\n<h3><span style=\"color: #808080\">Tjenester og priser<\/span><\/h3>\n<p>ViA kan leies p\u00e5 timebasis rom for rom eller samlet som en enhet. Det tilbys ulik grad av st\u00f8ttetjenester avhengig av leietakers behov og kompetanse.<\/p>\n<p>I utgangspunktet tilbys ViA med en basistjeneste som innbefatter tilgang til rom, enkel teknisk st\u00f8tte som oppstart av og l\u00f8pende teknisk hjelp knyttet til bruken av utstyret i ViA. En UiT-tilsatt vil v\u00e6re tilgjengelig gjennom hele den bestilte tiden i ViA.<\/p>\n<p>Dersom leietaker \u00f8nsker en mer omfattende st\u00f8tte som medf\u00f8rer arbeid f\u00f8r eller etter sesjonen i ViA m\u00e5 dette tydelig komme fram av bestillingen. \u00a0For f\u00f8rstegangsleietakere av ViA anbefales det \u00e5 ta kontakt i god tid i forveien for \u00e5 avklare st\u00f8ttebehov.<\/p>\n<p>For erfarne og regelmessige leietakere av ViA kan lokalene leies uten at UiT-personell er tilstede. Dette betinger at leietaker har gjennomf\u00f8rt et sertifiseringskurs. Se n\u00e6rmere om dette p\u00e5 hjemmesiden.<\/p>\n<p>Prisene for leie av ViA reguleres av tjenesteniv\u00e5, omfang og tidspunkt p\u00e5 d\u00f8gnet, og er tilgjengelig p\u00e5 ViAs hjemmeside.<\/p>\n<h4><span style=\"color: #808080\">Booking<\/span><\/h4>\n<p>Tilgang p\u00e5 bookingsystem for bestilling av tid skjer ved \u00e5 bes\u00f8ke hjemmesiden for senteret. Booking vil fungere etter f\u00f8rst til m\u00f8lla prinsippet i henhold til meldinger mottatt gjennom bookingsystemet. Ved bestilling m\u00e5 det fremg\u00e5 tydelig hvilke tjenester som \u00f8nskes, b\u00e5de det som vedr\u00f8rer senterkoordinator sin rolle som fasilitator i forkant av sesjonen i ViA og ved IT-st\u00f8tte\/oppl\u00e6ring og evt. m\u00f8blering. Trifon inng\u00e5r ikke i bookingsystemet, men ved st\u00f8rre arrangementer hvor det \u00f8nskes r\u00e5dighet over hele senteret m\u00e5 lokalet bookes spesifikt i tillegg. P\u00e5 hjemmesiden finnes en online-kalender slik alle leietakere enkelt kan se n\u00e5r det er ledige tider i de to rommene i forkant (for koordinering av m\u00f8tedager).<\/p>\n<p>Bestilt tid kan avbestilles inntil ett (1) d\u00f8gn f\u00f8r. Ikke avbestilte timer faktureres uansett fremm\u00f8te.<\/p>\n<p>Dersom det oppst\u00e5r drifts- eller dataproblemer som gj\u00f8r at rommet ikke er funksjonelt gis det tilbakemelding om dette, samt forventet ny driftstid til de som har booket tid. P\u00e5 denne m\u00e5ten vil det v\u00e6re mulig \u00e5 utsette eller finne andre lokaler.<\/p>\n<h4><span style=\"color: #808080\">Adgang<\/span><\/h4>\n<p>Ved assistert bruk s\u00f8rger senterkoordinator for adgang. Ved ikke assistert bruk utleveres\/avleveres adgangskort i Servicetorget, alternativt utleveres adgangskort til erfarne regelmessige brukere.<\/p>\n<p>Alle brukere m\u00e5 gj\u00f8re seg kjent med UiT sin branninstruks og r\u00f8mningsveier. Denne henger i Trifon.<\/p>\n<h4><span style=\"color: #808080\">Bruk<\/span><\/h4>\n<p>Bruken av utstyr og senteret ellers vil i stor grad avhenge av leiers bestilling (se pkt. \u00abBooking\u00bb). Det er derfor viktig at leietaker er tydelig med hensyn til behov for utstyr og assistanse i sin bestilling. Bestiller er ansvarlig for alle deltakerne han\/hun tar med seg inn i ViA.<\/p>\n<p>Enkle brukerveiledninger vil v\u00e6re \u00e5 finne i senteret ved det relevante utstyret.<\/p>\n<h4><span style=\"color: #808080\">Etter bruk<\/span><\/h4>\n<p>Etter bruk plikter leietaker \u00e5 bringe lokalene tilbake i den stand de var ved ankomst. Dette omfatter opprydding p\u00e5 bord, flytting av m\u00f8bler tilbake til opprinnelig plassering, t\u00f8rking av tavler og setting av servise i oppvaskmaskinen. I tillegg m\u00e5 alt av digitalt utstyr v\u00e6re f\u00f8rt tilbake i den standardmodus det til enhver tid er krav om.<\/p>\n<p>Dersom leietaker gj\u00f8r seg skyldig i uautorisert eller misbruk av fasilitetene og\/eller utstyret vil dette kunne medf\u00f8re erstatningskrav.<\/p>\n<h4><span style=\"color: #808080\">Lagring av dokumenter<\/span><\/h4>\n<p>Dersom det er behov for \u00e5 lagre filer p\u00e5 en datamaskin i forbindelse med arbeidssesjoner i ViA vil slike filer kunne lagres midlertidig p\u00e5 datamaskinen. CAVE-installasjonen har 5 brukerkonti, der tilgangen styres av tilh\u00f8righet. Det vil ikke tilbys l\u00e5ste personlig konti utover brukerkonti og derfor vil alle filer slettes rutinemessig etter endt sesjon. Enkelte filer kan lagres for lengre tid i samr\u00e5d med senterkoordinator.<\/p>\n<p>&nbsp;<\/p>\n","protected":false},"excerpt":{"rendered":"<p>Vilk\u00e5r for bruk av utstyr i Visualiseringssenteret i Arktis Beskrivelse av lokalene Lokalene for Visualiseringssenteret i Arktis (ViA) p\u00e5 UiT i Alta fordeler seg p\u00e5 ca. 200kvm. ViA best\u00e5r av tre rom som g\u00e5r under f\u00f8lgende navn; Svartholet, Kvithellhula og Trifon. Svartholet og Kvithellhula er tiltenkt undervisning\/fremvisning\/m\u00f8teaktivitet, mens Trifon er &hellip;<\/p>\n","protected":false},"author":1004,"featured_media":0,"parent":1204,"menu_order":0,"comment_status":"closed","ping_status":"closed","template":"","meta":{"footnotes":""},"class_list":["post-1200","page","type-page","status-publish","hentry"],"_links":{"self":[{"href":"https:\/\/site.uit.no\/via\/wp-json\/wp\/v2\/pages\/1200","targetHints":{"allow":["GET"]}}],"collection":[{"href":"https:\/\/site.uit.no\/via\/wp-json\/wp\/v2\/pages"}],"about":[{"href":"https:\/\/site.uit.no\/via\/wp-json\/wp\/v2\/types\/page"}],"author":[{"embeddable":true,"href":"https:\/\/site.uit.no\/via\/wp-json\/wp\/v2\/users\/1004"}],"replies":[{"embeddable":true,"href":"https:\/\/site.uit.no\/via\/wp-json\/wp\/v2\/comments?post=1200"}],"version-history":[{"count":1,"href":"https:\/\/site.uit.no\/via\/wp-json\/wp\/v2\/pages\/1200\/revisions"}],"predecessor-version":[{"id":1201,"href":"https:\/\/site.uit.no\/via\/wp-json\/wp\/v2\/pages\/1200\/revisions\/1201"}],"up":[{"embeddable":true,"href":"https:\/\/site.uit.no\/via\/wp-json\/wp\/v2\/pages\/1204"}],"wp:attachment":[{"href":"https:\/\/site.uit.no\/via\/wp-json\/wp\/v2\/media?parent=1200"}],"curies":[{"name":"wp","href":"https:\/\/api.w.org\/{rel}","templated":true}]}}