{"id":138,"date":"2019-02-18T08:30:27","date_gmt":"2019-02-18T07:30:27","guid":{"rendered":"https:\/\/site.uit.no\/via\/?page_id=138"},"modified":"2020-02-18T13:21:28","modified_gmt":"2020-02-18T12:21:28","slug":"rom","status":"publish","type":"page","link":"https:\/\/site.uit.no\/via\/rom\/","title":{"rendered":"ROM"},"content":{"rendered":"<p><strong>Beskrivelse av Visualiseringssenteret i Arktis<\/strong><strong>\u00a0<\/strong><\/p>\n<p>Lokalene til Visualiseringssenteret i Arktis p\u00e5 UiT Alta fordeler seg p\u00e5 ca. 200 kvm. Lokalene best\u00e5r av tre rom, hvorav to rom er for undervisning \/ fremvisning og m\u00f8teaktivitet. Det tredje rommet er et mingleomr\u00e5de. Rommene har f\u00f8lgende navn: Trifon, Svartholet og Kvithellhula.<\/p>\n<p><strong>Trifon:<\/strong><\/p>\n<p>Rommet er et mingleomr\u00e5de som kan romme 35-45 personer. Rommet er utstyrt med sofagruppe, bord med barstoler, serveringsbenk, oppvaskmaskin, kaffemaskin og kj\u00f8leskap.<\/p>\n<p><strong>Svartholet:<\/strong><\/p>\n<p>Rommet er p\u00e5 ca. 110 kvm og er utstyrt med en CAVE (Computer Aided Virtual Environment) med mulighet for bruk av VR briller, 2 SMART kapp (interaktive whiteboard) og 3 SMART board p\u00e5 rullestativ. Utstyret legger opp til mangfoldige arbeidsmetoder, der utstyret kan brukes samlet eller separat. Rommet er i utgangspunktet bygd opp med tanke p\u00e5 en tre-trinns arbeidsprosess (Valo metoden). Tanken er at man skal kunne g\u00e5 fra digital skissering av ideer, som flyttes ut i mindre grupper p\u00e5 SMART board for videreutvikling og siden testes og ferdigstilles i CAVE milj\u00f8et ved hjelp av brukerinvolvering.<\/p>\n<p><strong>Kvithellhula:<\/strong><\/p>\n<p>Rommet er p\u00e5 ca. 70 kvm og er utstyrt i FutureLab stil. Det er 5 gruppebord, med 6 sitteplasser og egen skjerm. Rommet er ogs\u00e5 utstyrt med en Nureva vegg (interaktiv tavle). Rommet er i hovedsak tenkt brukt som omvendt klasserom (Flipped classroom), men egner seg godt til alle typer gruppearbeid som for eksempel i forbindelse med Workshops.<\/p>\n","protected":false},"excerpt":{"rendered":"<p>Beskrivelse av Visualiseringssenteret i Arktis\u00a0 Lokalene til Visualiseringssenteret i Arktis p\u00e5 UiT Alta fordeler seg p\u00e5 ca. 200 kvm. Lokalene best\u00e5r av tre rom, hvorav to rom er for undervisning \/ fremvisning og m\u00f8teaktivitet. Det tredje rommet er et mingleomr\u00e5de. Rommene har f\u00f8lgende navn: Trifon, Svartholet og Kvithellhula. Trifon: Rommet &hellip;<\/p>\n","protected":false},"author":961,"featured_media":0,"parent":0,"menu_order":0,"comment_status":"closed","ping_status":"closed","template":"","meta":{"footnotes":""},"class_list":["post-138","page","type-page","status-publish","hentry"],"_links":{"self":[{"href":"https:\/\/site.uit.no\/via\/wp-json\/wp\/v2\/pages\/138","targetHints":{"allow":["GET"]}}],"collection":[{"href":"https:\/\/site.uit.no\/via\/wp-json\/wp\/v2\/pages"}],"about":[{"href":"https:\/\/site.uit.no\/via\/wp-json\/wp\/v2\/types\/page"}],"author":[{"embeddable":true,"href":"https:\/\/site.uit.no\/via\/wp-json\/wp\/v2\/users\/961"}],"replies":[{"embeddable":true,"href":"https:\/\/site.uit.no\/via\/wp-json\/wp\/v2\/comments?post=138"}],"version-history":[{"count":5,"href":"https:\/\/site.uit.no\/via\/wp-json\/wp\/v2\/pages\/138\/revisions"}],"predecessor-version":[{"id":585,"href":"https:\/\/site.uit.no\/via\/wp-json\/wp\/v2\/pages\/138\/revisions\/585"}],"wp:attachment":[{"href":"https:\/\/site.uit.no\/via\/wp-json\/wp\/v2\/media?parent=138"}],"curies":[{"name":"wp","href":"https:\/\/api.w.org\/{rel}","templated":true}]}}