{"id":460,"date":"2019-11-25T14:07:11","date_gmt":"2019-11-25T13:07:11","guid":{"rendered":"https:\/\/site.uit.no\/via\/?page_id=460"},"modified":"2020-03-10T13:21:04","modified_gmt":"2020-03-10T12:21:04","slug":"rom-og-utstyr","status":"publish","type":"page","link":"https:\/\/site.uit.no\/via\/rom\/rom-og-utstyr\/","title":{"rendered":"Rom og utstyr"},"content":{"rendered":"<h2><span style=\"color: #808080\">Rom og Utstyr<\/span><\/h2>\n<p>Dette dokumentet gir grunnlegende opplysninger om rom og utstyr som er tilgjengelig i senteret samt bruksform\u00e5l og arbeidsmetodikk. Utdypende opplysninger skal v\u00e6re tilgjengelig i sertifiseringsheftet og brukermanualer. Senteret har egen WIFI- og kabelnett for bestillere.<\/p>\n<p style=\"padding-left: 30px\"><img fetchpriority=\"high\" decoding=\"async\" class=\"alignleft wp-image-404\" src=\"https:\/\/site.uit.no\/via\/wp-content\/uploads\/sites\/399\/2019\/11\/ViA_Plan-300x182.png\" alt=\"\" width=\"400\" height=\"242\" \/><\/p>\n<p>&nbsp;<\/p>\n<p>&nbsp;<\/p>\n<p>&nbsp;<\/p>\n<p>&nbsp;<\/p>\n<p>&nbsp;<\/p>\n<p>&nbsp;<\/p>\n<p>&nbsp;<\/p>\n<p style=\"text-align: left\"><em>\u00a0 \u00a0 \u00a0<\/em><\/p>\n<p style=\"text-align: left\"><em> Fig. Visualiseringssenteret i Arktis\u00a0<\/em><em>(ViA)<\/em><\/p>\n<p>&nbsp;<\/p>\n<p>Rom i ViA er kalt etter berghuler i Finnmark.<\/p>\n<h3><span style=\"color: #808080\">1. Svartholet<\/span><\/h3>\n<p style=\"padding-left: 30px\"><em>\u00a0<\/em><img decoding=\"async\" class=\"alignnone wp-image-435\" style=\"font-weight: bold;text-align: center\" src=\"https:\/\/site.uit.no\/via\/wp-content\/uploads\/sites\/399\/2019\/11\/Svartholet-300x200.jpg\" alt=\"\" width=\"400\" height=\"267\" \/><strong style=\"text-indent: 0em;font-size: 17px\"><em>\u00a0<\/em><\/strong><\/p>\n<p style=\"text-indent: 0px\"><em>Utstyr:<\/em><em>\u00a0<\/em><\/p>\n<ul>\n<li>CAVE (Computer Assisted Virtual Environment):\n<ul>\n<li>CAVE: Dette er selve rommet\/\u2019hula\u2019 med tre skjermer p\u00e5 veggene og en p\u00e5 gulvet.<\/li>\n<li>3D-briller: Antall 22 stykker<\/li>\n<\/ul>\n<\/li>\n<li>Smart Board (3 stykker): montert p\u00e5 trillestativ med hjul og kan flyttes rundt ved behov.<\/li>\n<li>White Board\/ Smart Kapp (2 stykker): montert p\u00e5 vegg.<\/li>\n<li>Stoler: 32 stykker enkle typer og en med hjul.<\/li>\n<\/ul>\n<p style=\"padding-left: 30px\"><img decoding=\"async\" class=\"alignnone wp-image-401\" src=\"https:\/\/site.uit.no\/via\/wp-content\/uploads\/sites\/399\/2019\/11\/Svartholet-300x138.png\" alt=\"\" width=\"400\" height=\"184\" srcset=\"https:\/\/site.uit.no\/via\/wp-content\/uploads\/sites\/399\/2019\/11\/Svartholet-300x138.png 300w, https:\/\/site.uit.no\/via\/wp-content\/uploads\/sites\/399\/2019\/11\/Svartholet-768x354.png 768w, https:\/\/site.uit.no\/via\/wp-content\/uploads\/sites\/399\/2019\/11\/Svartholet-1024x472.png 1024w, https:\/\/site.uit.no\/via\/wp-content\/uploads\/sites\/399\/2019\/11\/Svartholet-625x288.png 625w, https:\/\/site.uit.no\/via\/wp-content\/uploads\/sites\/399\/2019\/11\/Svartholet.png 1267w\" sizes=\"(max-width: 400px) 100vw, 400px\" \/><\/p>\n<h4><span style=\"color: #808080\">1.1. CAVE<\/span><\/h4>\n<p><em>Bruksform\u00e5l:<\/em><\/p>\n<p>CAVE-utstyret kan brukes enten i lag med annet utstyr i ViA eller separat. Prim\u00e6rt er det tredimensjonalt visualisering av bygg- og anleggsprosjekter som er hensikten, men er ikke begrenset til det. Den kan brukes til nettm\u00f8ter, undervisning eller simulering av tre-dimensjonale modeller for akademiske og vitenskapelige \u00f8velser.<\/p>\n<p style=\"padding-left: 30px\"><img loading=\"lazy\" decoding=\"async\" class=\"alignnone wp-image-54\" src=\"https:\/\/site.uit.no\/via\/wp-content\/uploads\/sites\/399\/2019\/01\/cave-300x169.jpg\" alt=\"\" width=\"400\" height=\"225\" srcset=\"https:\/\/site.uit.no\/via\/wp-content\/uploads\/sites\/399\/2019\/01\/cave-300x169.jpg 300w, https:\/\/site.uit.no\/via\/wp-content\/uploads\/sites\/399\/2019\/01\/cave-768x432.jpg 768w, https:\/\/site.uit.no\/via\/wp-content\/uploads\/sites\/399\/2019\/01\/cave-1024x576.jpg 1024w, https:\/\/site.uit.no\/via\/wp-content\/uploads\/sites\/399\/2019\/01\/cave-294x165.jpg 294w\" sizes=\"(max-width: 400px) 100vw, 400px\" \/><\/p>\n<p><em>System og Programvarer:<\/em><\/p>\n<p>CAVE- pc er koblet til tre skjermer p\u00e5 vegg og en p\u00e5 gulv med tilsvarende projektorer p\u00e5 himlingen. To kameraer er ogs\u00e5 montert p\u00e5 himling. 22 stykker s\u00e5kalt aktive 3D-briller med tr\u00e5dl\u00f8s tilkobling til pc muliggj\u00f8r 3D- opplevelse. Systemet kan styres fra veggmontert panel eller med bruk av diverse utstyr med tr\u00e5dl\u00f8s tilkobling som Game Pad spillkontroller, mus og tastatur.<\/p>\n<p>Skjermdeling fra eksternt apparat er mulig gjennom <a href=\"https:\/\/www.barco.com\/en\/clickshare\/demo\" target=\"_blank\" rel=\"noopener\">ClickShare.<\/a>\u00a0<a href=\"https:\/\/www.barco.com\/en\/clickshare\/demo\" target=\"_blank\" rel=\"noopener\"><img loading=\"lazy\" decoding=\"async\" class=\"alignnone wp-image-451\" src=\"https:\/\/site.uit.no\/via\/wp-content\/uploads\/sites\/399\/2019\/11\/Clickshare.jpg\" alt=\"\" width=\"29\" height=\"30\" srcset=\"https:\/\/site.uit.no\/via\/wp-content\/uploads\/sites\/399\/2019\/11\/Clickshare.jpg 222w, https:\/\/site.uit.no\/via\/wp-content\/uploads\/sites\/399\/2019\/11\/Clickshare-150x150.jpg 150w\" sizes=\"(max-width: 29px) 100vw, 29px\" \/><\/a><\/p>\n<p>Operativsystemet er Windows 10 Pro. PC-en er utstyrt med kraftig skjermkort som gj\u00f8r bildestr\u00f8mningen smidig, men alt for mye detaljerte modeller kan gj\u00f8re navigering treg.<\/p>\n<p><em>Arbeidsmetodikk:<\/em><\/p>\n<p>Per dags dato (november 2019) har vi testet to typer digitalmodeller og metodikk.<\/p>\n<p>Det ene er modelltyper som er laget i spillmotoren <a href=\"https:\/\/unity.com\/\" target=\"_blank\" rel=\"noopener\">Unity<\/a> som et spill med stereo oppsett. Man kan benytte eget oppsett eller Collaprime sin mal som utgangspunkt.<\/p>\n<p>Den andre er NWD filtyper i programvaren <a href=\"https:\/\/www.autodesk.no\/products\/navisworks\/3d-viewers\" target=\"_blank\" rel=\"noopener\">Autodesk Navisworks freedom<\/a>. Begge systemer fungerer bra og kan benyttes uten problemer.<\/p>\n<p>I prinsippet kan alle typer programvarer som st\u00f8tter \u00abnvidia stereoscopic views\u00bb vises med stereoskopisk modus i CAVE-en. Stereoskopisk visning gjelder kun for modeller som kj\u00f8res fra CAVE- pc og ikke fra ekstern pc eller server tilkoblet CAVE-en.<\/p>\n<p>Modeller som er laget med bruk av <a href=\"https:\/\/collaprime.com\/\" target=\"_blank\" rel=\"noopener\">Collaprime<\/a> sitt oppsett i Unity kan vises i fireskjermmodus (inkludert skjerm p\u00e5 gulv), mens visning med andre typer programvarer skal kj\u00f8res p\u00e5 tre skjermer, dvs. kun p\u00e5 de tre sammenhengende veggene.<\/p>\n<p>Figuren nedenfor viser et prinsipiell kart over m\u00e5ten \u00e5 opparbeide og tilrettelegge en BIM-modell som kan vises i CAVE-en.<strong><em>\u00a0<\/em><\/strong><\/p>\n<p style=\"padding-left: 30px\"><img loading=\"lazy\" decoding=\"async\" class=\"alignnone wp-image-429\" src=\"https:\/\/site.uit.no\/via\/wp-content\/uploads\/sites\/399\/2019\/11\/Filkonvertering-300x160.png\" alt=\"\" width=\"400\" height=\"214\" srcset=\"https:\/\/site.uit.no\/via\/wp-content\/uploads\/sites\/399\/2019\/11\/Filkonvertering-300x160.png 300w, https:\/\/site.uit.no\/via\/wp-content\/uploads\/sites\/399\/2019\/11\/Filkonvertering-768x410.png 768w, https:\/\/site.uit.no\/via\/wp-content\/uploads\/sites\/399\/2019\/11\/Filkonvertering-1024x547.png 1024w, https:\/\/site.uit.no\/via\/wp-content\/uploads\/sites\/399\/2019\/11\/Filkonvertering-625x334.png 625w\" sizes=\"(max-width: 400px) 100vw, 400px\" \/><\/p>\n<p><strong><em>\u00a0<\/em><\/strong><em style=\"text-indent: 0em\">Fig. Veikart til fil konvertering (Collaprime)<\/em><em>\u00a0<\/em><\/p>\n<p>Det er viktig \u00e5 vite at ikke alle mulighetene med systemet er grundig testet p\u00e5 n\u00e5v\u00e6rende tidspunkt.<\/p>\n<p>Eksempler fra leverand\u00f8rens beskrivelse av mulige l\u00f8sninger som ikke er pr\u00f8vd i v\u00e5rt CAVE system er Plugins for flere BIM programvarer som blant annet Unity, Autodesk Navisworks, Autodesk Revit og Graphisoft ARCHICAD. Disse kan gj\u00f8re filkonvertering enklere eller un\u00f8dvendig og som inneb\u00e6rer en mindre kostbar prosess. Videre nevner leverand\u00f8ren spillmotor-plattformen Unreal og Graphisoft BIMx som brukbar teknologi i CAVE systemet.<\/p>\n<p>For \u00f8vrig kan man \u00e5pne og kj\u00f8re modeller i andre typer desktopbaserte programvarer som Solibri eller nettlesere, men det gir ikke samme resultat med 3D- effekten. Nureva skjermen eller SMART Board er et mer naturlig alternativ for \u00e5 vise flat (ikke stereoskopiske) modellvisning.<\/p>\n<p>Ressurs- og kompetansebehov for opparbeiding og tilrettelegging av modeller til CAVE-en er avhengig av modellkompleksitet, \u00f8nsket detaljeringsniv\u00e5 og valgt metode for filkonvertering. Bruker m\u00e5 benytte egen kompetanse, tid og programvare(r). Senterkoordinator har ansvar for \u00e5 tilrettelegge utstyr for bruker. Mer samarbeid mellom bruker og senterkoordinator kan avtales n\u00e6rmere etter behov.<em>\u00a0<\/em><em>\u00a0<\/em><\/p>\n<h4><span style=\"color: #808080\">1.2. Smart Board<\/span><\/h4>\n<p><em>Bruksform\u00e5l:<\/em><\/p>\n<p>Dette utstyret kan enkelt beskrives som en datamaskin med en stort tavle som fungerer som visningsskjerm, tastatur og mus som et nettbrett.<\/p>\n<p>I senteret er SMART utstyret tenkt brukt i lag med resten av utstyrspakka og med koblingsmulighet utad via internett. Selv om installert programvare er av typen utdanningspakke s\u00e5 kan utstyret brukes for m\u00f8tevirksomhet, gruppearbeid, prosjektgjennomganger s\u00e5 vel som undervisning avhengig av brukeren.<\/p>\n<p><span style=\"color: #808080\">Mer om SMART Board:\u00a0<a href=\"https:\/\/smartskole.no\/post\/single\/45\" target=\"_blank\" rel=\"noopener\"><strong>\u00a0 \u00a01\u00a0\u00a0\u00a0<\/strong><\/a> og <a href=\"https:\/\/www.youtube.com\/watch?v=qqV2tJoXz3U\" target=\"_blank\" rel=\"noopener\"><strong>\u00a0\u00a0 2\u00a0\u00a0\u00a0<\/strong><\/a><\/span><\/p>\n<p><em>System og Programvarer:<\/em><\/p>\n<p>L\u00f8sningen er utstyrt med b\u00e5de iQ Android og Windows 10 Pro. Alle tre skjermene er av typen interaktive SMART Board\u00ae 6065-flatpanel som kombinerer SMART sin egenutviklede DViT\u00ae (Digital Vision Touch)-teknologi med en ber\u00f8ringsopplevelse og ytelsen til SMART Notebook\u00ae- samarbeidsprogramvaren p\u00e5 en 65-tommers LED-skjerm.<\/p>\n<p>Man kan enkelt veksle mellom Windows og Android ved behov. Datamaskinen er en integrert del av utstyret og er montert p\u00e5 baksiden av skjermen med tilkoblingsport for USB og andre typer grensesnitt.<em>\u00a0<\/em><\/p>\n<p><em>Arbeidsmetodikk:<\/em><em style=\"text-indent: 0em\">\u00a0<\/em><\/p>\n<p>N\u00e5r man starter opp maskinen m\u00e5 man velge \u00e5 kj\u00f8re Windows eller IQ Android p\u00e5 maskinen. I begge tilfeller f\u00e5r man tilgang til bruk av diverse programvarer og nettlesere.<\/p>\n<p>Man kan skrive eller tegne direkte p\u00e5 tavlen for h\u00e5nd eller ved bruk av mus eller tastatur, dele skjerm fra et eksternt utstyr, lagre \u00f8kten for senere bruk og dele den med andre. En kan bruke fingeren eller penn som finnes ved tavlen. Disse pennene er spesielt laget for tavlen og man m\u00e5 ikke bruke andre typer penn.<\/p>\n<p>Man kan velge mellom programpakke som er mest egnet for enten utdanning eller business.\u00a0 I v\u00e5rt tilfelle er alle tre maskinene utstyrt med utdanningspakken SMART Learning Suite lisens.<\/p>\n<p>For \u00e5 utnytte utstyret p\u00e5 best mulig m\u00e5te b\u00f8r man mestre SMART Notebook og SMART Learning Suite Online (tidligere SMART amp) samt bruken av det digitale tegne- og skriveverkt\u00f8yet SMART Ink. Det er s\u00e6rdeles viktig \u00e5 kunne disse for \u00e5 f\u00e5 mest ut av SMART Board.<\/p>\n<p>For \u00f8vrig kan man bruke SMART Board som en vanlig datamaskin.<\/p>\n<p>Med SMART Kapp applikasjonen p\u00e5 IQ Android er det mulig \u00e5 bruke utstyret akkurat som en annen SMART produkt som heter SMART-Kappboard (SMART White Board). To slike tavler (1.3) er montert p\u00e5 vegg i samme rom p\u00e5 senteret og beskrivelse av disse f\u00f8lger.<\/p>\n<h4><span style=\"color: #808080\">1.3. SMART-Kappboard<\/span><\/h4>\n<p><em>Bruksform\u00e5l:<\/em><\/p>\n<p>Utstyret kan brukes som en vanlig hvit klasseromtavle med mulighet for \u00e5 dele alt som er notert p\u00e5 tavlen i en \u00f8kt via internett opp til 250 deltakere. Hvert sesjon kan lagres til en USB minnepenn eller kan overf\u00f8res til en aktive SMART Notebok applikasjon ved \u00e5 synkronisere enhetene via en mobil enhet.<\/p>\n<p><span style=\"color: #000000\">Mer om <a href=\"https:\/\/www.youtube.com\/watch?v=Zc7cRoL9ZvU\" target=\"_blank\" rel=\"noopener\">SMARTKapp<\/a><\/span><\/p>\n<p><em>System og Programvarer:<\/em><em>\u00a0<\/em><\/p>\n<p>SMART kapp er en digital utgave av den tradisjonelle hvit skrivetavle med SMART sin egenutviklede DViT\u00ae- teknologi.<\/p>\n<p><em>Arbeidsmetodikk:<\/em><\/p>\n<p>Du kan tegne eller skrive p\u00e5 tavlen med en penn eller en finger, tavlen registrerer alt som opptak og beholder det til den blir hvisket. Bruk gjerne synlig penn og ikke fingeren for \u00e5 ha god kontroll p\u00e5 hva som st\u00e5r p\u00e5 tavla.<\/p>\n<p>Sjekk fra tilkoblet mobil om bordet er fritt for usynlige streker fra tidligere \u00f8kt. Hver sesjon kan lagres til en USB minnepenn som PDF eller JPEG fil. Alternativt kan \u00f8kten overf\u00f8res til en aktive SMART Notebok applikasjon eller via en nettleser ved \u00e5 synkronisere enhetene via en mobil enhet.<\/p>\n<p>For \u00e5 fullf\u00f8re dette m\u00e5 man installere SMART Kapp applikasjon p\u00e5 mobilen fra Google Play eller Apple Store avhengig av type mobilenhet.<\/p>\n<p>Koblingen mellom tavlen og mobil g\u00e5r via Bluetooth og kun en enhet kan kobles om gangen.<\/p>\n<p>Man f\u00e5r en unik kode(url) fra mobilen for hvert \u00f8kt som skal brukes av deltakere i sesjonen.<\/p>\n<h3><span style=\"color: #808080\">2. Kvithellhula<\/span><\/h3>\n<p><em>Utstyr:<\/em><em>\u00a0<\/em><\/p>\n<p>2.1. Nureva Span Wall System<br \/>\n2.2. TV skjerm (5 stykker): Disse er tenkt brukt koblet til bruker sin pc\/nettbrett mv.<br \/>\n2.3. Bord og stoler: Det er 5 stk. bord og 30 stoler som er fordelt i fem grupper med en TV-\u00a0 skjerm p\u00e5 hver gruppe. Disse kan omplasseres ved behov.<br \/>\n2.4. to vanlig tavler. vindusflater kan ogs\u00e5 brukes til \u00e5 skrive\/tegne p\u00e5.<em style=\"text-indent: 0em\">\u00a0<\/em><\/p>\n<p style=\"padding-left: 30px\"><img loading=\"lazy\" decoding=\"async\" class=\"alignnone wp-image-449\" src=\"https:\/\/site.uit.no\/via\/wp-content\/uploads\/sites\/399\/2019\/11\/Kvithellhula-300x207.png\" alt=\"\" width=\"400\" height=\"276\" srcset=\"https:\/\/site.uit.no\/via\/wp-content\/uploads\/sites\/399\/2019\/11\/Kvithellhula-300x207.png 300w, https:\/\/site.uit.no\/via\/wp-content\/uploads\/sites\/399\/2019\/11\/Kvithellhula-768x530.png 768w, https:\/\/site.uit.no\/via\/wp-content\/uploads\/sites\/399\/2019\/11\/Kvithellhula-1024x707.png 1024w, https:\/\/site.uit.no\/via\/wp-content\/uploads\/sites\/399\/2019\/11\/Kvithellhula-507x350.png 507w, https:\/\/site.uit.no\/via\/wp-content\/uploads\/sites\/399\/2019\/11\/Kvithellhula.png 1074w\" sizes=\"(max-width: 400px) 100vw, 400px\" \/><\/p>\n<h4><span style=\"color: #808080\">2.1. Nureva Span Wall system<\/span><\/h4>\n<p><em>Bruksform\u00e5l:<\/em><\/p>\n<p>Rommet gir mulighet til involverende arbeidsprosess og samhandling blant deltakere fra n\u00e6r og fjern, og kan brukes til undervisning, m\u00f8ter, seminarer og lignende.<a href=\"https:\/\/www.youtube.com\/watch?v=k0dobjXqWig\" target=\"_blank\" rel=\"noopener\"><img loading=\"lazy\" decoding=\"async\" class=\"alignnone wp-image-446\" src=\"https:\/\/site.uit.no\/via\/wp-content\/uploads\/sites\/399\/2019\/11\/Nureva-300x200.jpeg\" alt=\"\" width=\"401\" height=\"267\" \/><\/a><\/p>\n<p>Mer om Nureva Span Wall systemet <a href=\"https:\/\/www.interactive.no\/interaktivitet-i-moterommet\/moterom-nureva-interaktiv-vegg\/\" target=\"_blank\" rel=\"noopener\">Her<\/a> og <a href=\"https:\/\/www.youtube.com\/watch?v=k0dobjXqWig\" target=\"_blank\" rel=\"noopener\">Video<\/a><\/p>\n<p><em>System og Programvarer:<\/em><em>\u00a0<\/em><\/p>\n<p>Systemet er komponert av en PC, to stykker Nureva veggflater med tilsvarende projektorer. Nureva tavlen er styrt fra en PC med Windows 10 Enterprise. Span Wall og mange andre programvarer til daglig bruk inkludert MS Office pakken er installert p\u00e5 maskinen.<\/p>\n<p><em>Arbeidsmetodikk:<\/em><em style=\"text-indent: 0em\">\u00a0<\/em><\/p>\n<p>Den skybaserte l\u00f8sningen Span Workspace er det programmet som er mest brukt her, men andre programmer kan ogs\u00e5 kj\u00f8res uten problemer. En m\u00e5 ha minst en Span Workspace lisens\/konto for \u00e5 opprette et virtuell lerret hvor man kan invitere flere deltakere. Deltakere kan bidra med sine ideer, meninger osv. ved direkte ber\u00f8ring av skjerm, mobil, pc eller nettbrett.<\/p>\n<p>Deltakere kan befinne seg hvor som helst s\u00e5 lenge de har tilgang til internett. Man starter med et nytt lerret eller bygger p\u00e5 et eksisterende en. Et godt gjennomtenkt oppsett\/mal har stor effekt p\u00e5 resultatet og bruken av utstyret, og da er det lurt \u00e5 forberede seg godt i forkant av en sesjon.<\/p>\n<h3><span style=\"color: #808080\">3. Trifon:<\/span><\/h3>\n<p style=\"padding-left: 30px\"><img loading=\"lazy\" decoding=\"async\" class=\"alignnone wp-image-442\" src=\"https:\/\/site.uit.no\/via\/wp-content\/uploads\/sites\/399\/2019\/11\/Trifon-300x169.jpg\" alt=\"\" width=\"400\" height=\"225\" \/><\/p>\n<p><em>Utstyr:<\/em><\/p>\n<ul>\n<li>M\u00f8blement:<\/li>\n<li>Serveringsbenk:<\/li>\n<li>Oppvaskmaskin:<\/li>\n<li>Kaffemaskin:<\/li>\n<li>Kj\u00f8leskap:<\/li>\n<li>Kaffekopper, glass, bestikk<\/li>\n<\/ul>\n<p>&nbsp;<\/p>\n","protected":false},"excerpt":{"rendered":"<p>Rom og Utstyr Dette dokumentet gir grunnlegende opplysninger om rom og utstyr som er tilgjengelig i senteret samt bruksform\u00e5l og arbeidsmetodikk. Utdypende opplysninger skal v\u00e6re tilgjengelig i sertifiseringsheftet og brukermanualer. Senteret har egen WIFI- og kabelnett for bestillere. &nbsp; &nbsp; &nbsp; &nbsp; &nbsp; &nbsp; &nbsp; \u00a0 \u00a0 \u00a0 Fig. Visualiseringssenteret &hellip;<\/p>\n","protected":false},"author":1004,"featured_media":0,"parent":138,"menu_order":0,"comment_status":"closed","ping_status":"closed","template":"","meta":{"footnotes":""},"class_list":["post-460","page","type-page","status-publish","hentry"],"_links":{"self":[{"href":"https:\/\/site.uit.no\/via\/wp-json\/wp\/v2\/pages\/460","targetHints":{"allow":["GET"]}}],"collection":[{"href":"https:\/\/site.uit.no\/via\/wp-json\/wp\/v2\/pages"}],"about":[{"href":"https:\/\/site.uit.no\/via\/wp-json\/wp\/v2\/types\/page"}],"author":[{"embeddable":true,"href":"https:\/\/site.uit.no\/via\/wp-json\/wp\/v2\/users\/1004"}],"replies":[{"embeddable":true,"href":"https:\/\/site.uit.no\/via\/wp-json\/wp\/v2\/comments?post=460"}],"version-history":[{"count":16,"href":"https:\/\/site.uit.no\/via\/wp-json\/wp\/v2\/pages\/460\/revisions"}],"predecessor-version":[{"id":684,"href":"https:\/\/site.uit.no\/via\/wp-json\/wp\/v2\/pages\/460\/revisions\/684"}],"up":[{"embeddable":true,"href":"https:\/\/site.uit.no\/via\/wp-json\/wp\/v2\/pages\/138"}],"wp:attachment":[{"href":"https:\/\/site.uit.no\/via\/wp-json\/wp\/v2\/media?parent=460"}],"curies":[{"name":"wp","href":"https:\/\/api.w.org\/{rel}","templated":true}]}}