{"id":498,"date":"2019-12-11T15:05:58","date_gmt":"2019-12-11T14:05:58","guid":{"rendered":"https:\/\/site.uit.no\/via\/?page_id=498"},"modified":"2021-05-25T16:44:30","modified_gmt":"2021-05-25T14:44:30","slug":"kurs","status":"publish","type":"page","link":"https:\/\/site.uit.no\/via\/kurs\/","title":{"rendered":"Kurs"},"content":{"rendered":"\t\t<div data-elementor-type=\"wp-page\" data-elementor-id=\"498\" class=\"elementor elementor-498\" data-elementor-post-type=\"page\">\n\t\t\t\t\t\t<section class=\"elementor-section elementor-top-section elementor-element elementor-element-b0281d6 elementor-section-boxed elementor-section-height-default elementor-section-height-default\" data-id=\"b0281d6\" data-element_type=\"section\" data-e-type=\"section\">\n\t\t\t\t\t\t<div class=\"elementor-container elementor-column-gap-default\">\n\t\t\t\t\t<div class=\"elementor-column elementor-col-100 elementor-top-column elementor-element elementor-element-63177de\" data-id=\"63177de\" data-element_type=\"column\" data-e-type=\"column\">\n\t\t\t<div class=\"elementor-widget-wrap elementor-element-populated\">\n\t\t\t\t\t\t<div class=\"elementor-element elementor-element-bc67a4d elementor-widget-divider--view-line elementor-widget elementor-widget-divider\" data-id=\"bc67a4d\" data-element_type=\"widget\" data-e-type=\"widget\" data-widget_type=\"divider.default\">\n\t\t\t\t<div class=\"elementor-widget-container\">\n\t\t\t\t\t\t\t<div class=\"elementor-divider\">\n\t\t\t<span class=\"elementor-divider-separator\">\n\t\t\t\t\t\t<\/span>\n\t\t<\/div>\n\t\t\t\t\t\t<\/div>\n\t\t\t\t<\/div>\n\t\t\t\t\t<\/div>\n\t\t<\/div>\n\t\t\t\t\t<\/div>\n\t\t<\/section>\n\t\t\t\t<section class=\"elementor-section elementor-top-section elementor-element elementor-element-3dad370 elementor-section-boxed elementor-section-height-default elementor-section-height-default\" data-id=\"3dad370\" data-element_type=\"section\" data-e-type=\"section\">\n\t\t\t\t\t\t<div class=\"elementor-container elementor-column-gap-default\">\n\t\t\t\t\t<div class=\"elementor-column elementor-col-100 elementor-top-column elementor-element elementor-element-3aac148\" data-id=\"3aac148\" data-element_type=\"column\" data-e-type=\"column\">\n\t\t\t<div class=\"elementor-widget-wrap elementor-element-populated\">\n\t\t\t\t\t\t<div class=\"elementor-element elementor-element-53913ea elementor-widget elementor-widget-heading\" data-id=\"53913ea\" data-element_type=\"widget\" data-e-type=\"widget\" data-widget_type=\"heading.default\">\n\t\t\t\t<div class=\"elementor-widget-container\">\n\t\t\t\t\t<h3 class=\"elementor-heading-title elementor-size-default\"><a href=\"https:\/\/site.uit.no\/via\/kurs\/sertifisering\/\" target=\"_blank\">SERTIFISERING<\/a><\/h3>\t\t\t\t<\/div>\n\t\t\t\t<\/div>\n\t\t\t\t<div class=\"elementor-element elementor-element-63bdab0 elementor-widget elementor-widget-text-editor\" data-id=\"63bdab0\" data-element_type=\"widget\" data-e-type=\"widget\" data-widget_type=\"text-editor.default\">\n\t\t\t\t<div class=\"elementor-widget-container\">\n\t\t\t\t\t\t\t\t\t<p><span style=\"color: #102940\">Kursets tar 4 timer fordelt p\u00e5 tre \u00f8kter. \u00a0F\u00f8rst \u00f8kt er en 3 timers workshop og s\u00e5 f\u00f8lger to \u00f8kter med individuelle \u00f8velser med \u00bd time p\u00e5 hver \u00f8kt. <\/span><\/p><p style=\"text-align: center\"><span style=\"color: #089c08\"><a style=\"color: #089c08\" href=\"https:\/\/site.uit.no\/via\/kurs\/sertifisering\/\" target=\"_blank\" rel=\"noopener\">Les mer&#8230;<\/a><\/span><\/p>\t\t\t\t\t\t\t\t<\/div>\n\t\t\t\t<\/div>\n\t\t\t\t\t<\/div>\n\t\t<\/div>\n\t\t\t\t\t<\/div>\n\t\t<\/section>\n\t\t\t\t<section class=\"elementor-section elementor-top-section elementor-element elementor-element-846aaab elementor-section-boxed elementor-section-height-default elementor-section-height-default\" data-id=\"846aaab\" data-element_type=\"section\" data-e-type=\"section\">\n\t\t\t\t\t\t<div class=\"elementor-container elementor-column-gap-default\">\n\t\t\t\t\t<div class=\"elementor-column elementor-col-100 elementor-top-column elementor-element elementor-element-06782e3\" data-id=\"06782e3\" data-element_type=\"column\" data-e-type=\"column\">\n\t\t\t<div class=\"elementor-widget-wrap elementor-element-populated\">\n\t\t\t\t\t\t<div class=\"elementor-element elementor-element-3a0f4fb elementor-widget-divider--view-line elementor-widget elementor-widget-divider\" data-id=\"3a0f4fb\" data-element_type=\"widget\" data-e-type=\"widget\" data-widget_type=\"divider.default\">\n\t\t\t\t<div class=\"elementor-widget-container\">\n\t\t\t\t\t\t\t<div class=\"elementor-divider\">\n\t\t\t<span class=\"elementor-divider-separator\">\n\t\t\t\t\t\t<\/span>\n\t\t<\/div>\n\t\t\t\t\t\t<\/div>\n\t\t\t\t<\/div>\n\t\t\t\t\t<\/div>\n\t\t<\/div>\n\t\t\t\t\t<\/div>\n\t\t<\/section>\n\t\t\t\t<section class=\"elementor-section elementor-top-section elementor-element elementor-element-a5bf236 elementor-section-boxed elementor-section-height-default elementor-section-height-default\" data-id=\"a5bf236\" data-element_type=\"section\" data-e-type=\"section\">\n\t\t\t\t\t\t<div class=\"elementor-container elementor-column-gap-default\">\n\t\t\t\t\t<div class=\"elementor-column elementor-col-100 elementor-top-column elementor-element elementor-element-6145f80\" data-id=\"6145f80\" data-element_type=\"column\" data-e-type=\"column\">\n\t\t\t<div class=\"elementor-widget-wrap elementor-element-populated\">\n\t\t\t\t\t\t<div class=\"elementor-element elementor-element-7d2ae77 elementor-widget elementor-widget-heading\" data-id=\"7d2ae77\" data-element_type=\"widget\" data-e-type=\"widget\" data-widget_type=\"heading.default\">\n\t\t\t\t<div class=\"elementor-widget-container\">\n\t\t\t\t\t<h3 class=\"elementor-heading-title elementor-size-default\"><a href=\"https:\/\/site.uit.no\/via\/BIMtilCAVE\/\" target=\"_blank\">BIM til CAVE<\/a><\/h3>\t\t\t\t<\/div>\n\t\t\t\t<\/div>\n\t\t\t\t<div class=\"elementor-element elementor-element-4fa8e2a elementor-widget elementor-widget-text-editor\" data-id=\"4fa8e2a\" data-element_type=\"widget\" data-e-type=\"widget\" data-widget_type=\"text-editor.default\">\n\t\t\t\t<div class=\"elementor-widget-container\">\n\t\t\t\t\t\t\t\t\t<p style=\"text-align: center\">Kurset er planlagt som oppf\u00f8lging av sertifiseringskurset for Visualiseringssenteret i Arktis (ViA) men sertifisering er IKKE et krav for deltakelse. M\u00e5let med kurset er \u00e5 l\u00e6re senterets brukere hvordan \u00e5 bearbeide BIM modeller til visning i CAVE.\u00a0<\/p><p style=\"text-align: center\"><span style=\"color: #089c08\"><a style=\"color: #089c08\" href=\"https:\/\/site.uit.no\/via\/kurs\/bimtilcave\/\" target=\"_blank\" rel=\"noopener\">Les mer<\/a><\/span><\/p><hr \/><p style=\"text-align: center\">\u00a0<\/p>\t\t\t\t\t\t\t\t<\/div>\n\t\t\t\t<\/div>\n\t\t\t\t\t<\/div>\n\t\t<\/div>\n\t\t\t\t\t<\/div>\n\t\t<\/section>\n\t\t\t\t<section class=\"elementor-section elementor-top-section elementor-element elementor-element-b4d4c32 elementor-section-boxed elementor-section-height-default elementor-section-height-default\" data-id=\"b4d4c32\" data-element_type=\"section\" data-e-type=\"section\">\n\t\t\t\t\t\t<div class=\"elementor-container elementor-column-gap-default\">\n\t\t\t\t\t<div class=\"elementor-column elementor-col-100 elementor-top-column elementor-element elementor-element-2cc46f9\" data-id=\"2cc46f9\" data-element_type=\"column\" data-e-type=\"column\">\n\t\t\t<div class=\"elementor-widget-wrap elementor-element-populated\">\n\t\t\t\t\t\t<div class=\"elementor-element elementor-element-287cbeb elementor-widget-divider--view-line elementor-widget elementor-widget-divider\" data-id=\"287cbeb\" data-element_type=\"widget\" data-e-type=\"widget\" data-widget_type=\"divider.default\">\n\t\t\t\t<div class=\"elementor-widget-container\">\n\t\t\t\t\t\t\t<div class=\"elementor-divider\">\n\t\t\t<span class=\"elementor-divider-separator\">\n\t\t\t\t\t\t<\/span>\n\t\t<\/div>\n\t\t\t\t\t\t<\/div>\n\t\t\t\t<\/div>\n\t\t\t\t\t<\/div>\n\t\t<\/div>\n\t\t\t\t\t<\/div>\n\t\t<\/section>\n\t\t\t\t<\/div>\n\t\t","protected":false},"excerpt":{"rendered":"<p>SERTIFISERING Kursets tar 4 timer fordelt p\u00e5 tre \u00f8kter. \u00a0F\u00f8rst \u00f8kt er en 3 timers workshop og s\u00e5 f\u00f8lger to \u00f8kter med individuelle \u00f8velser med \u00bd time p\u00e5 hver \u00f8kt. Les mer&#8230; BIM til CAVE Kurset er planlagt som oppf\u00f8lging av sertifiseringskurset for Visualiseringssenteret i Arktis (ViA) men sertifisering er &hellip;<\/p>\n","protected":false},"author":1004,"featured_media":0,"parent":0,"menu_order":0,"comment_status":"closed","ping_status":"closed","template":"","meta":{"footnotes":""},"class_list":["post-498","page","type-page","status-publish","hentry"],"_links":{"self":[{"href":"https:\/\/site.uit.no\/via\/wp-json\/wp\/v2\/pages\/498","targetHints":{"allow":["GET"]}}],"collection":[{"href":"https:\/\/site.uit.no\/via\/wp-json\/wp\/v2\/pages"}],"about":[{"href":"https:\/\/site.uit.no\/via\/wp-json\/wp\/v2\/types\/page"}],"author":[{"embeddable":true,"href":"https:\/\/site.uit.no\/via\/wp-json\/wp\/v2\/users\/1004"}],"replies":[{"embeddable":true,"href":"https:\/\/site.uit.no\/via\/wp-json\/wp\/v2\/comments?post=498"}],"version-history":[{"count":54,"href":"https:\/\/site.uit.no\/via\/wp-json\/wp\/v2\/pages\/498\/revisions"}],"predecessor-version":[{"id":1153,"href":"https:\/\/site.uit.no\/via\/wp-json\/wp\/v2\/pages\/498\/revisions\/1153"}],"wp:attachment":[{"href":"https:\/\/site.uit.no\/via\/wp-json\/wp\/v2\/media?parent=498"}],"curies":[{"name":"wp","href":"https:\/\/api.w.org\/{rel}","templated":true}]}}