{"id":1353,"date":"2019-05-06T16:49:12","date_gmt":"2019-05-06T14:49:12","guid":{"rendered":"https:\/\/site.uit.no\/viscam\/?page_id=1353"},"modified":"2021-06-10T13:24:22","modified_gmt":"2021-06-10T11:24:22","slug":"a-propos-de-nous","status":"publish","type":"page","link":"https:\/\/site.uit.no\/viscam\/a-propos-de-nous\/","title":{"rendered":"Contact"},"content":{"rendered":"<h5><span style=\"color: #000000\">Le conseil VISCAM \u00e0 UiT &#8211; l&#8217;Universit\u00e9 Arctique de Norv\u00e8ge<\/span><\/h5>\n<p><span style=\"color: #000000\"><strong>Lisbet Holtedahl<\/strong><\/span><\/p>\n<p><span style=\"color: #000000\">lisbet.holtedahl@uit.no<\/span><\/p>\n<p><span style=\"color: #000000\"><strong>Bj\u00f8rn Arntsen<\/strong><\/span><\/p>\n<p><span style=\"color: #000000\">bjorn.arntsen@uit.no<\/span><\/p>\n<p><span style=\"color: #000000\"><strong>Trond Waage<\/strong><\/span><\/p>\n<p><span style=\"color: #000000\">trond.waage@uit.no<\/span><\/p>\n<p>&nbsp;<\/p>\n<h5><span style=\"color: #000000\">Le conseil VISCAM \u00e0 l&#8217;Universit<strong>\u00e9 de<\/strong> Maroua<\/span><\/h5>\n<p><span style=\"color: #000000\"><strong>Mouazamou Ahmadou<\/strong> (Cameroonian coordinator)<\/span><\/p>\n<p><span style=\"color: #000000\">mouazamou@hotmail.com<\/span><\/p>\n<p><span style=\"color: #000000\"><strong>Babette Koultchoumi<\/strong><\/span><\/p>\n<p><span style=\"color: #000000\">batchoumi79@gmail.com<\/span><\/p>\n<p><span style=\"color: #000000\"><strong>Andr\u00e9 Ganava&nbsp;<\/strong><\/span><\/p>\n<p><span style=\"color: #000000\">ganava78@yahoo.fr<\/span><\/p>\n<p>&nbsp;<\/p>\n<h5><span style=\"color: #000000\">Le conseil VISCAM \u00e0 l&#8217;Universit<strong>\u00e9 de<\/strong> Ngaound<strong>\u00e9<\/strong>r<strong>\u00e9<\/strong><\/span><\/h5>\n<p><span style=\"color: #000000\"><strong>Henri Moussima (<\/strong>local coordinator)<\/span><\/p>\n<p><span style=\"color: #000000\">moussima71@gmail.com<\/span><\/p>\n<p><span style=\"color: #000000\"><strong>Ghislaine Tainon<\/strong><\/span><\/p>\n<p><span style=\"color: #000000\">magoughislaine@gmail.com<\/span><\/p>\n<p><span style=\"color: #000000\"><strong>Pierre Lankissa<\/strong><\/span><\/p>\n<p><span style=\"color: #000000\">lankissatizipierre@gmail.com<\/span><\/p>\n<p>&nbsp;<\/p>\n","protected":false},"excerpt":{"rendered":"<p>Le conseil VISCAM \u00e0 UiT &#8211; l&#8217;Universit\u00e9 Arctique de Norv\u00e8ge Lisbet Holtedahl lisbet.holtedahl@uit.no Bj\u00f8rn Arntsen bjorn.arntsen@uit.no Trond Waage trond.waage@uit.no &nbsp; Le conseil VISCAM \u00e0 l&#8217;Universit\u00e9 de Maroua Mouazamou Ahmadou (Cameroonian coordinator) mouazamou@hotmail.com Babette Koultchoumi&#46;&#46;&#46;<\/p>\n","protected":false},"author":945,"featured_media":0,"parent":0,"menu_order":0,"comment_status":"closed","ping_status":"closed","template":"","meta":{"ngg_post_thumbnail":0,"footnotes":""},"class_list":["post-1353","page","type-page","status-publish","hentry"],"_links":{"self":[{"href":"https:\/\/site.uit.no\/viscam\/wp-json\/wp\/v2\/pages\/1353","targetHints":{"allow":["GET"]}}],"collection":[{"href":"https:\/\/site.uit.no\/viscam\/wp-json\/wp\/v2\/pages"}],"about":[{"href":"https:\/\/site.uit.no\/viscam\/wp-json\/wp\/v2\/types\/page"}],"author":[{"embeddable":true,"href":"https:\/\/site.uit.no\/viscam\/wp-json\/wp\/v2\/users\/945"}],"replies":[{"embeddable":true,"href":"https:\/\/site.uit.no\/viscam\/wp-json\/wp\/v2\/comments?post=1353"}],"version-history":[{"count":17,"href":"https:\/\/site.uit.no\/viscam\/wp-json\/wp\/v2\/pages\/1353\/revisions"}],"predecessor-version":[{"id":3548,"href":"https:\/\/site.uit.no\/viscam\/wp-json\/wp\/v2\/pages\/1353\/revisions\/3548"}],"wp:attachment":[{"href":"https:\/\/site.uit.no\/viscam\/wp-json\/wp\/v2\/media?parent=1353"}],"curies":[{"name":"wp","href":"https:\/\/api.w.org\/{rel}","templated":true}]}}