{"id":1364,"date":"2019-05-06T17:09:26","date_gmt":"2019-05-06T15:09:26","guid":{"rendered":"https:\/\/site.uit.no\/viscam\/?page_id=1364"},"modified":"2021-06-10T09:43:31","modified_gmt":"2021-06-10T07:43:31","slug":"archives-filmcam","status":"publish","type":"page","link":"https:\/\/site.uit.no\/viscam\/archives-filmcam\/","title":{"rendered":"FilmCam Archives"},"content":{"rendered":"<h6>PROJET&nbsp; VISCAM &#8211; Film Archives<\/h6>\n<p><span class=\"VIiyi\" style=\"color: #000000\" lang=\"fr\"><span class=\"JLqJ4b ChMk0b\">FilmCam Archives est une collection de films et de th\u00e8ses bas\u00e9s sur la recherche men\u00e9e en Afrique par d&#8217;anciens \u00e9tudiants et professeurs du programme d&#8217;anthropologie visuelle de l&#8217;Universit\u00e9 de l&#8217;Arctique de Norv\u00e8ge.<\/span> <span class=\"JLqJ4b ChMk0b\">La collection met l\u2019accent sur l\u2019immense diversit\u00e9 du continent africain et sur la vari\u00e9t\u00e9 des th\u00e8mes r\u00e9currents qui apparaissent dans les recherches des \u00e9tudiants tels que: la migration, le genre, la religion, la guerre et l\u2019\u00e9ducation.<\/span> <\/span><\/p>\n<p><span class=\"VIiyi\" style=\"color: #000000\" lang=\"fr\"><span class=\"JLqJ4b ChMk0b\">Afin de mettre en valeur la perspective Sud-Nord, nous avons \u00e9galement s\u00e9lectionn\u00e9 des films fait en Norv\u00e8ge ainsi que quelques exemples du Japon, du N\u00e9pal et des \u00c9tats-Unis qui apportent des points de vue suppl\u00e9mentaires.<\/span><\/span><\/p>\n<p style=\"text-align: center\"><strong><a href=\"https:\/\/site.uit.no\/viscam\/films-a-z-2\/\">Films A-Z<\/a><\/strong><\/p>\n<p style=\"text-align: center\"><a href=\"https:\/\/site.uit.no\/viscam\/films-par-lieu-du-tournage\/\"><strong>Les films par <span class=\"VIiyi\" lang=\"fr\"><span class=\"JLqJ4b ChMk0b\">pays<\/span><\/span> <\/strong><\/a><\/p>\n<p style=\"text-align: center\"><a href=\"https:\/\/site.uit.no\/viscam\/films-par-sujet\/\"><strong>Films par sujet<\/strong><\/a><\/p>\n<p style=\"text-align: center\"><a href=\"https:\/\/site.uit.no\/viscam\/films-par-annee\/\"><strong>Films par ann\u00e9e<\/strong><\/a><\/p>\n<p>&nbsp;<\/p>\n","protected":false},"excerpt":{"rendered":"<p>PROJET&nbsp; VISCAM &#8211; Film Archives FilmCam Archives est une collection de films et de th\u00e8ses bas\u00e9s sur la recherche men\u00e9e en Afrique par d&#8217;anciens \u00e9tudiants et professeurs du programme d&#8217;anthropologie visuelle de l&#8217;Universit\u00e9 de&#46;&#46;&#46;<\/p>\n","protected":false},"author":945,"featured_media":0,"parent":0,"menu_order":0,"comment_status":"closed","ping_status":"closed","template":"","meta":{"ngg_post_thumbnail":0,"footnotes":""},"class_list":["post-1364","page","type-page","status-publish","hentry"],"_links":{"self":[{"href":"https:\/\/site.uit.no\/viscam\/wp-json\/wp\/v2\/pages\/1364","targetHints":{"allow":["GET"]}}],"collection":[{"href":"https:\/\/site.uit.no\/viscam\/wp-json\/wp\/v2\/pages"}],"about":[{"href":"https:\/\/site.uit.no\/viscam\/wp-json\/wp\/v2\/types\/page"}],"author":[{"embeddable":true,"href":"https:\/\/site.uit.no\/viscam\/wp-json\/wp\/v2\/users\/945"}],"replies":[{"embeddable":true,"href":"https:\/\/site.uit.no\/viscam\/wp-json\/wp\/v2\/comments?post=1364"}],"version-history":[{"count":102,"href":"https:\/\/site.uit.no\/viscam\/wp-json\/wp\/v2\/pages\/1364\/revisions"}],"predecessor-version":[{"id":3486,"href":"https:\/\/site.uit.no\/viscam\/wp-json\/wp\/v2\/pages\/1364\/revisions\/3486"}],"wp:attachment":[{"href":"https:\/\/site.uit.no\/viscam\/wp-json\/wp\/v2\/media?parent=1364"}],"curies":[{"name":"wp","href":"https:\/\/api.w.org\/{rel}","templated":true}]}}