{"id":1648,"date":"2019-07-23T16:53:41","date_gmt":"2019-07-23T14:53:41","guid":{"rendered":"https:\/\/site.uit.no\/viscam\/?page_id=1648"},"modified":"2021-05-26T11:59:57","modified_gmt":"2021-05-26T09:59:57","slug":"revision-de-textes-ethnographiques","status":"publish","type":"page","link":"https:\/\/site.uit.no\/viscam\/revision-de-textes-ethnographiques\/","title":{"rendered":"R\u00e9vision\u00a0des\u00a0textes\u00a0ethnographiques\u00a0(SVF 3101)"},"content":{"rendered":"<div class=\"J0lOec\"><span class=\"VIiyi\" style=\"color: #000000\" lang=\"fr\"><span class=\"JLqJ4b\">L&#8217;objectif du cours est de fournir le competance pour exploration et analyse de textes ethnographiques. Nous travaillerons avec des monographies et des th\u00e8ses afin de vous faire conscience de l&#8217;aspect holistique (\u00abtotal\u00bb)&nbsp; du projet de master qui vous attend. Les monographies et les th\u00e8ses se caracterisont pour la richesse du mat\u00e9riel empirique. Ils donnent un aper\u00e7u du processus entier de la recherche, abordant des questions m\u00e9thodologiques, empiriques, analytiques et th\u00e9oriques en une seule \u0153uvre. Cela les distingue des articles scientifiques qui ont une orientation th\u00e9orique ou m\u00e9thodologique beaucoup plus sp\u00e9cifiques.<br \/>\n<\/span><\/span><\/div>\n<div>&nbsp;<\/div>\n<div class=\"J0lOec\"><span class=\"VIiyi\" style=\"color: #000000\" lang=\"fr\"><span class=\"JLqJ4b\">Le devoir \u00e9crit final doit:<\/span><\/span><\/div>\n<div>&nbsp;<\/div>\n<div class=\"J0lOec\"><span class=\"VIiyi\" style=\"color: #000000\" lang=\"fr\"><span class=\"JLqJ4b\">\u2022 permettre \u00e0 l&#8217;\u00e9tudiant de voir comment l&#8217;auteur a construit les arguments et communiqu\u00e9 les objectifs du texte. <\/span><\/span><\/div>\n<div class=\"J0lOec\"><span class=\"VIiyi\" style=\"color: #000000\" lang=\"fr\"><span class=\"JLqJ4b\">\u2022 \u00e9lever la conscience de ses propres processus de lecture et d\u2019\u00e9criture ainsi que de ses propres conventions d\u2019\u00e9criture. <\/span><\/span><\/div>\n<div class=\"J0lOec\"><span class=\"VIiyi\" style=\"color: #000000\" lang=\"fr\"><span class=\"JLqJ4b\">\u2022 permettre \u00e0 l&#8217;\u00e9tudiant de travailler avec une monographie ou une th\u00e8se de mani\u00e8re ind\u00e9pendante et syst\u00e9matique <span class=\"JLqJ4b ChMk0b\">dans le futur.<\/span><br \/>\n<\/span><\/span><\/div>\n<div>&nbsp;<\/div>\n<div class=\"J0lOec\"><span class=\"VIiyi\" lang=\"fr\"><span class=\"JLqJ4b\"><span style=\"color: #000000\">Avant de commencer la mission, veuillez regarder un extrait d&#8217;un<\/span> <a href=\"https:\/\/www.youtube.com\/watch?v=fcJ8kOQU7Mg\">entretien avec Clifford Geertz<\/a> <span style=\"color: #000000\">concernant l&#8217;\u00e9criture et la m\u00e9thodologie dans lequel il insiste sur la n\u00e9cessit\u00e9 d&#8217;\u00eatre aussi autor\u00e9flexif en anthropologie qu&#8217;en critique litt\u00e9raire. (* voir ci-dessous)<\/span> <\/span><\/span><\/div>\n<div>&nbsp;<\/div>\n<p><span class=\"VIiyi\" lang=\"fr\"><span class=\"JLqJ4b ChMk0b\"><strong><span style=\"color: #0000ff\">Devoir:<\/span><\/strong><span style=\"color: #000000\"> Chaque \u00e9tudiant est oblig\u00e9 de choisir une monographie ou une th\u00e8se et l&#8217;analys\u00e9e \u00e0 l&#8217;aide du formulaire de r\u00e9vision de texte (voir ci-dessous).<\/span><\/span><span style=\"color: #000000\"> <span class=\"JLqJ4b ChMk0b\">Le formulaire devrait vous donner une ligne directrice pour l&#8217;analyse.<\/span> <span class=\"JLqJ4b ChMk0b\">Il doit \u00eatre t\u00e9l\u00e9charger et rempli. Si vous ne parvenez pas \u00e0 remplir le pdf. (<span class=\"JLqJ4b ChMk0b C1N51c\">cela demande<\/span> Adobe Acrobat), veuillez copier et coller les questions dans un document Word.<br \/>\n<\/span><\/span><\/span><\/p>\n<p style=\"text-align: center\"><strong><a href=\"https:\/\/site.uit.no\/viscam\/wp-content\/uploads\/sites\/286\/2021\/03\/Reviewing-Ethnographic-Texts-2021.pdf\"><span lang=\"fr\">Formulaire de r\u00e9vision de texte <\/span><\/a><\/strong><\/p>\n<p><span class=\"VIiyi\" lang=\"fr\"><span class=\"JLqJ4b ChMk0b\" style=\"color: #000000\">* La conversation compl\u00e8te avec Clifford Geertz ainsi que de nombreuses autres interviews men\u00e9es par Alan Macfarlane avec des universitaires influents du domaine des sciences sociales sont disponibles sur youtube. <\/span><span class=\"JLqJ4b ChMk0b\"><span style=\"color: #000000\">Voici<\/span><strong> <a href=\"http:\/\/www.alanmacfarlane.com\/ancestors\/audiovisual.html#A\">une liste compl\u00e8te.<\/a><\/strong><\/span><\/span><\/p>\n<p>&nbsp;<\/p>\n<div class=\"BdDRKe\">\n<div class=\"aJIq1d DSmisd\">\n<div>\n<div>&nbsp;<\/div>\n<\/div>\n<\/div>\n<\/div>\n<div class=\"aJIq1d DSmisd\">\n<div>&nbsp;<\/div>\n<\/div>\n<div>\n<div>&nbsp;<\/div>\n<\/div>\n","protected":false},"excerpt":{"rendered":"<p>L&#8217;objectif du cours est de fournir le competance pour exploration et analyse de textes ethnographiques. Nous travaillerons avec des monographies et des th\u00e8ses afin de vous faire conscience de l&#8217;aspect holistique (\u00abtotal\u00bb)&nbsp; du projet&#46;&#46;&#46;<\/p>\n","protected":false},"author":945,"featured_media":0,"parent":0,"menu_order":0,"comment_status":"closed","ping_status":"closed","template":"","meta":{"ngg_post_thumbnail":0,"footnotes":""},"class_list":["post-1648","page","type-page","status-publish","hentry"],"_links":{"self":[{"href":"https:\/\/site.uit.no\/viscam\/wp-json\/wp\/v2\/pages\/1648","targetHints":{"allow":["GET"]}}],"collection":[{"href":"https:\/\/site.uit.no\/viscam\/wp-json\/wp\/v2\/pages"}],"about":[{"href":"https:\/\/site.uit.no\/viscam\/wp-json\/wp\/v2\/types\/page"}],"author":[{"embeddable":true,"href":"https:\/\/site.uit.no\/viscam\/wp-json\/wp\/v2\/users\/945"}],"replies":[{"embeddable":true,"href":"https:\/\/site.uit.no\/viscam\/wp-json\/wp\/v2\/comments?post=1648"}],"version-history":[{"count":24,"href":"https:\/\/site.uit.no\/viscam\/wp-json\/wp\/v2\/pages\/1648\/revisions"}],"predecessor-version":[{"id":3412,"href":"https:\/\/site.uit.no\/viscam\/wp-json\/wp\/v2\/pages\/1648\/revisions\/3412"}],"wp:attachment":[{"href":"https:\/\/site.uit.no\/viscam\/wp-json\/wp\/v2\/media?parent=1648"}],"curies":[{"name":"wp","href":"https:\/\/api.w.org\/{rel}","templated":true}]}}