{"id":1665,"date":"2019-07-23T17:17:53","date_gmt":"2019-07-23T15:17:53","guid":{"rendered":"https:\/\/site.uit.no\/viscam\/?page_id=1665"},"modified":"2021-09-16T20:59:23","modified_gmt":"2021-09-16T18:59:23","slug":"methodologie-ethnographique-a-travers-des-extraits-de-film","status":"publish","type":"page","link":"https:\/\/site.uit.no\/viscam\/methodologie-ethnographique-a-travers-des-extraits-de-film\/","title":{"rendered":"M\u00e9thodologie ethnographique \u00e0 travers des extraits de film"},"content":{"rendered":"<p><span class=\"VIiyi\" style=\"color: #000000\" lang=\"fr\"><span class=\"JLqJ4b ChMk0b\">Les outils p\u00e9dagogiques se composent de trois conf\u00e9rences vid\u00e9o, chacune suivie d&#8217;une liste de liens vers du mat\u00e9riel pertinent et d&#8217;un devoir.<\/span><\/span><\/p>\n<p style=\"text-align: center\"><a href=\"https:\/\/site.uit.no\/viscam\/conference-1-le-travail-de-terrain-ethnographique-comme-decouverte\/\">Conf\u00e9rence 1 &#8211; Le travail de terrain&nbsp;ethnographique&nbsp;comme&nbsp;d\u00e9couverte&nbsp;<\/a><\/p>\n<p style=\"text-align: center\"><a href=\"https:\/\/site.uit.no\/viscam\/conference-2-analyse-anthropologique-en-tant-quinterpretation\/\">Conf\u00e9rence 2 &#8211;&nbsp;Analyse&nbsp;anthropologique&nbsp;en&nbsp;tant&nbsp;qu&#8217;interpr\u00e9tation&nbsp;<\/a><\/p>\n<p style=\"text-align: center\"><a href=\"https:\/\/site.uit.no\/viscam\/conference-3-le-film-ethnographique-comme-decouverte\/\">Conf\u00e9rence 3 &#8211; Le film&nbsp;ethnographique&nbsp;comme&nbsp;d\u00e9couverte<\/a>&nbsp;<\/p>\n","protected":false},"excerpt":{"rendered":"<p>Les outils p\u00e9dagogiques se composent de trois conf\u00e9rences vid\u00e9o, chacune suivie d&#8217;une liste de liens vers du mat\u00e9riel pertinent et d&#8217;un devoir. Conf\u00e9rence 1 &#8211; Le travail de terrain&nbsp;ethnographique&nbsp;comme&nbsp;d\u00e9couverte&nbsp; Conf\u00e9rence 2 &#8211;&nbsp;Analyse&nbsp;anthropologique&nbsp;en&nbsp;tant&nbsp;qu&#8217;interpr\u00e9tation&nbsp; Conf\u00e9rence 3&#46;&#46;&#46;<\/p>\n","protected":false},"author":945,"featured_media":0,"parent":0,"menu_order":0,"comment_status":"closed","ping_status":"closed","template":"","meta":{"ngg_post_thumbnail":0,"footnotes":""},"class_list":["post-1665","page","type-page","status-publish","hentry"],"_links":{"self":[{"href":"https:\/\/site.uit.no\/viscam\/wp-json\/wp\/v2\/pages\/1665","targetHints":{"allow":["GET"]}}],"collection":[{"href":"https:\/\/site.uit.no\/viscam\/wp-json\/wp\/v2\/pages"}],"about":[{"href":"https:\/\/site.uit.no\/viscam\/wp-json\/wp\/v2\/types\/page"}],"author":[{"embeddable":true,"href":"https:\/\/site.uit.no\/viscam\/wp-json\/wp\/v2\/users\/945"}],"replies":[{"embeddable":true,"href":"https:\/\/site.uit.no\/viscam\/wp-json\/wp\/v2\/comments?post=1665"}],"version-history":[{"count":10,"href":"https:\/\/site.uit.no\/viscam\/wp-json\/wp\/v2\/pages\/1665\/revisions"}],"predecessor-version":[{"id":3733,"href":"https:\/\/site.uit.no\/viscam\/wp-json\/wp\/v2\/pages\/1665\/revisions\/3733"}],"wp:attachment":[{"href":"https:\/\/site.uit.no\/viscam\/wp-json\/wp\/v2\/media?parent=1665"}],"curies":[{"name":"wp","href":"https:\/\/api.w.org\/{rel}","templated":true}]}}