{"id":2,"date":"2017-01-25T10:05:51","date_gmt":"2017-01-25T09:05:51","guid":{"rendered":"https:\/\/site.uit.no\/viscam\/?page_id=2"},"modified":"2021-06-10T09:42:15","modified_gmt":"2021-06-10T07:42:15","slug":"the-viscam-project","status":"publish","type":"page","link":"https:\/\/site.uit.no\/viscam\/","title":{"rendered":"THE VISCAM\u00a0PROJECT"},"content":{"rendered":"<p><span style=\"color: #000000\" lang=\"EN-US\">VISCAM is an educational program in visual anthropology at UiT, The Arctic University of Norway in Troms\u00f8 and the Universities of Maroua and Ngaound\u00e9r\u00e9 in Cameroon. <span class=\"x_apple-converted-space\">&nbsp;<\/span>&nbsp;<\/span><\/p>\n<p><span style=\"color: #000000\" lang=\"EN-US\">The project promotes sustainable, long-term, cross-cultural collaboration between the universities through exchange of academic staff and students on Master and PhD level.&nbsp;<\/span><\/p>\n<p><span style=\"color: #000000\" lang=\"EN-US\">Our main goal is to create applicable knowledge about current issues relevant to peace, wellbeing and changing livelihood strategies in Northern Cameroon and to develop innovative teaching, research, and dissemination practices.&nbsp;<\/span><\/p>\n<p>&nbsp;<\/p>\n<p><img fetchpriority=\"high\" decoding=\"async\" class=\"alignnone wp-image-2509\" src=\"https:\/\/site.uit.no\/viscam\/wp-content\/uploads\/sites\/286\/2020\/11\/VA-class-Maroua-2011-CC-1-300x206.jpg\" alt=\"\" width=\"301\" height=\"207\" srcset=\"https:\/\/site.uit.no\/viscam\/wp-content\/uploads\/sites\/286\/2020\/11\/VA-class-Maroua-2011-CC-1-300x206.jpg 300w, https:\/\/site.uit.no\/viscam\/wp-content\/uploads\/sites\/286\/2020\/11\/VA-class-Maroua-2011-CC-1.jpg 728w\" sizes=\"(max-width: 301px) 100vw, 301px\" \/><img decoding=\"async\" class=\"alignnone wp-image-2512\" src=\"https:\/\/site.uit.no\/viscam\/wp-content\/uploads\/sites\/286\/2020\/11\/p1030306-smaller-CC2-300x209.jpg\" alt=\"\" width=\"296\" height=\"206\" srcset=\"https:\/\/site.uit.no\/viscam\/wp-content\/uploads\/sites\/286\/2020\/11\/p1030306-smaller-CC2-300x209.jpg 300w, https:\/\/site.uit.no\/viscam\/wp-content\/uploads\/sites\/286\/2020\/11\/p1030306-smaller-CC2.jpg 684w\" sizes=\"(max-width: 296px) 100vw, 296px\" \/><img decoding=\"async\" class=\"alignnone size-medium wp-image-170\" src=\"https:\/\/site.uit.no\/viscam\/wp-content\/uploads\/sites\/286\/2017\/09\/P1030169.small_-300x169.jpg\" alt=\"\" width=\"300\" height=\"169\" srcset=\"https:\/\/site.uit.no\/viscam\/wp-content\/uploads\/sites\/286\/2017\/09\/P1030169.small_-300x169.jpg 300w, https:\/\/site.uit.no\/viscam\/wp-content\/uploads\/sites\/286\/2017\/09\/P1030169.small_-768x433.jpg 768w, https:\/\/site.uit.no\/viscam\/wp-content\/uploads\/sites\/286\/2017\/09\/P1030169.small_-1024x577.jpg 1024w, https:\/\/site.uit.no\/viscam\/wp-content\/uploads\/sites\/286\/2017\/09\/P1030169.small_.jpg 1258w\" sizes=\"(max-width: 300px) 100vw, 300px\" \/><img loading=\"lazy\" decoding=\"async\" class=\"alignnone size-medium wp-image-2137\" src=\"https:\/\/site.uit.no\/viscam\/wp-content\/uploads\/sites\/286\/2020\/11\/P1030618-small-300x169.jpg\" alt=\"\" width=\"300\" height=\"169\" srcset=\"https:\/\/site.uit.no\/viscam\/wp-content\/uploads\/sites\/286\/2020\/11\/P1030618-small-300x169.jpg 300w, https:\/\/site.uit.no\/viscam\/wp-content\/uploads\/sites\/286\/2020\/11\/P1030618-small-768x433.jpg 768w, https:\/\/site.uit.no\/viscam\/wp-content\/uploads\/sites\/286\/2020\/11\/P1030618-small-1024x577.jpg 1024w, https:\/\/site.uit.no\/viscam\/wp-content\/uploads\/sites\/286\/2020\/11\/P1030618-small.jpg 2000w\" sizes=\"(max-width: 300px) 100vw, 300px\" \/><\/p>\n","protected":false},"excerpt":{"rendered":"<p>VISCAM is an educational program in visual anthropology at UiT, The Arctic University of Norway in Troms\u00f8 and the Universities of Maroua and Ngaound\u00e9r\u00e9 in Cameroon. &nbsp;&nbsp; The project promotes sustainable, long-term, cross-cultural collaboration&#46;&#46;&#46;<\/p>\n","protected":false},"author":110,"featured_media":0,"parent":0,"menu_order":0,"comment_status":"closed","ping_status":"closed","template":"","meta":{"ngg_post_thumbnail":0,"footnotes":""},"class_list":["post-2","page","type-page","status-publish","hentry"],"_links":{"self":[{"href":"https:\/\/site.uit.no\/viscam\/wp-json\/wp\/v2\/pages\/2","targetHints":{"allow":["GET"]}}],"collection":[{"href":"https:\/\/site.uit.no\/viscam\/wp-json\/wp\/v2\/pages"}],"about":[{"href":"https:\/\/site.uit.no\/viscam\/wp-json\/wp\/v2\/types\/page"}],"author":[{"embeddable":true,"href":"https:\/\/site.uit.no\/viscam\/wp-json\/wp\/v2\/users\/110"}],"replies":[{"embeddable":true,"href":"https:\/\/site.uit.no\/viscam\/wp-json\/wp\/v2\/comments?post=2"}],"version-history":[{"count":35,"href":"https:\/\/site.uit.no\/viscam\/wp-json\/wp\/v2\/pages\/2\/revisions"}],"predecessor-version":[{"id":3481,"href":"https:\/\/site.uit.no\/viscam\/wp-json\/wp\/v2\/pages\/2\/revisions\/3481"}],"wp:attachment":[{"href":"https:\/\/site.uit.no\/viscam\/wp-json\/wp\/v2\/media?parent=2"}],"curies":[{"name":"wp","href":"https:\/\/api.w.org\/{rel}","templated":true}]}}