{"id":3005,"date":"2021-03-24T16:18:33","date_gmt":"2021-03-24T15:18:33","guid":{"rendered":"https:\/\/site.uit.no\/viscam\/?page_id=3005"},"modified":"2021-03-25T13:10:47","modified_gmt":"2021-03-25T12:10:47","slug":"films-par-lieu-du-tournage","status":"publish","type":"page","link":"https:\/\/site.uit.no\/viscam\/films-par-lieu-du-tournage\/","title":{"rendered":"Films par lieu du tournage"},"content":{"rendered":"<p style=\"text-align: center\"><a href=\"https:\/\/site.uit.no\/viscam\/category\/filmcam-francais\/afrique\/lafrique-du-sud\/\">Afrique du sud<\/a><\/p>\n<p style=\"text-align: center\"><a href=\"https:\/\/site.uit.no\/viscam\/category\/filmcam-francais\/afrique\/botswana-fr\/\">Botswana<\/a><\/p>\n<p style=\"text-align: center\"><a href=\"https:\/\/site.uit.no\/viscam\/category\/filmcam-francais\/afrique\/cameroun\/\">Cameroun<\/a><\/p>\n<p style=\"text-align: center\"><a href=\"https:\/\/site.uit.no\/viscam\/category\/filmcam-francais\/hors-de-lafrique\/etats-unis-damerique\/\">\u00c9tats-Unis d&#8217;Am\u00e9rique<\/a><\/p>\n<p style=\"text-align: center\"><a href=\"https:\/\/site.uit.no\/viscam\/category\/filmcam-francais\/afrique\/ethiopie\/\">Ethiopie<\/a><\/p>\n<p style=\"text-align: center\">&nbsp;<a href=\"https:\/\/site.uit.no\/viscam\/category\/filmcam-francais\/afrique\/ghana-fr\/\">Ghana<\/a><\/p>\n<p style=\"text-align: center\"><a href=\"https:\/\/site.uit.no\/viscam\/category\/filmcam-francais\/hors-de-lafrique\/le-japon\/\">Japon<\/a><\/p>\n<p style=\"text-align: center\"><a href=\"https:\/\/site.uit.no\/viscam\/category\/filmcam-francais\/afrique\/republique-du-mali\/\">Mali<\/a><\/p>\n<p style=\"text-align: center\"><a href=\"https:\/\/site.uit.no\/viscam\/category\/filmcam-francais\/hors-de-lafrique\/le-nepal\/\">N\u00e9pal<\/a><\/p>\n<p style=\"text-align: center\"><a href=\"https:\/\/site.uit.no\/viscam\/category\/filmcam-francais\/hors-de-lafrique\/le-niger-fr\/\">Niger<\/a><\/p>\n<p style=\"text-align: center\"><a href=\"https:\/\/site.uit.no\/viscam\/category\/filmcam-francais\/hors-de-lafrique\/la-norvege\/\">Norv\u00e8ge<\/a><\/p>\n<p style=\"text-align: center\"><a href=\"https:\/\/site.uit.no\/viscam\/category\/filmcam-francais\/afrique\/le-senegal\/\">S\u00e9n\u00e9gal<\/a><\/p>\n<p style=\"text-align: center\"><a href=\"https:\/\/site.uit.no\/viscam\/category\/filmcam-francais\/afrique\/la-sierra-leone\/\">Sierra Leone<\/a><\/p>\n","protected":false},"excerpt":{"rendered":"<p>Afrique du sud Botswana Cameroun \u00c9tats-Unis d&#8217;Am\u00e9rique Ethiopie &nbsp;Ghana Japon Mali N\u00e9pal Niger Norv\u00e8ge S\u00e9n\u00e9gal Sierra Leone<\/p>\n","protected":false},"author":1163,"featured_media":0,"parent":0,"menu_order":0,"comment_status":"closed","ping_status":"closed","template":"","meta":{"ngg_post_thumbnail":0,"footnotes":""},"class_list":["post-3005","page","type-page","status-publish","hentry"],"_links":{"self":[{"href":"https:\/\/site.uit.no\/viscam\/wp-json\/wp\/v2\/pages\/3005","targetHints":{"allow":["GET"]}}],"collection":[{"href":"https:\/\/site.uit.no\/viscam\/wp-json\/wp\/v2\/pages"}],"about":[{"href":"https:\/\/site.uit.no\/viscam\/wp-json\/wp\/v2\/types\/page"}],"author":[{"embeddable":true,"href":"https:\/\/site.uit.no\/viscam\/wp-json\/wp\/v2\/users\/1163"}],"replies":[{"embeddable":true,"href":"https:\/\/site.uit.no\/viscam\/wp-json\/wp\/v2\/comments?post=3005"}],"version-history":[{"count":2,"href":"https:\/\/site.uit.no\/viscam\/wp-json\/wp\/v2\/pages\/3005\/revisions"}],"predecessor-version":[{"id":3141,"href":"https:\/\/site.uit.no\/viscam\/wp-json\/wp\/v2\/pages\/3005\/revisions\/3141"}],"wp:attachment":[{"href":"https:\/\/site.uit.no\/viscam\/wp-json\/wp\/v2\/media?parent=3005"}],"curies":[{"name":"wp","href":"https:\/\/api.w.org\/{rel}","templated":true}]}}