{"id":3047,"date":"2021-03-24T20:44:45","date_gmt":"2021-03-24T19:44:45","guid":{"rendered":"https:\/\/site.uit.no\/viscam\/?page_id=3047"},"modified":"2021-03-25T14:14:21","modified_gmt":"2021-03-25T13:14:21","slug":"films-par-sujet","status":"publish","type":"page","link":"https:\/\/site.uit.no\/viscam\/films-par-sujet\/","title":{"rendered":"Films par sujet"},"content":{"rendered":"<p style=\"text-align: center\"><a href=\"https:\/\/site.uit.no\/viscam\/category\/filmcam-francais\/sujet\/autorite\/\">Autorit\u00e9<\/a><\/p>\n<p style=\"text-align: center\"><a href=\"https:\/\/site.uit.no\/viscam\/category\/filmcam-francais\/sujet\/identite\/\">Identit\u00e9<\/a><\/p>\n<p style=\"text-align: center\"><a href=\"https:\/\/site.uit.no\/viscam\/category\/filmcam-francais\/sujet\/industrie\/\">Industrie<\/a><\/p>\n<p style=\"text-align: center\"><a href=\"https:\/\/site.uit.no\/viscam\/category\/filmcam-francais\/sujet\/education-fr\/\">\u00c9ducation<\/a><\/p>\n<p style=\"text-align: center\"><a href=\"https:\/\/site.uit.no\/viscam\/category\/filmcam-francais\/sujet\/environnement\/\">Environnement<\/a><\/p>\n<p style=\"text-align: center\"><a href=\"https:\/\/site.uit.no\/viscam\/category\/filmcam-francais\/sujet\/famille\/\">Famille<\/a><\/p>\n<p style=\"text-align: center\"><a href=\"https:\/\/site.uit.no\/viscam\/category\/filmcam-francais\/sujet\/genre\/\">Genre<\/a><\/p>\n<p style=\"text-align: center\"><a href=\"https:\/\/site.uit.no\/viscam\/category\/filmcam-francais\/sujet\/groupe-minoritaire\/\">Groupe minoritaire<\/a><\/p>\n<p style=\"text-align: center\"><a href=\"https:\/\/site.uit.no\/viscam\/category\/filmcam-francais\/sujet\/guerre\/\">Guerre<\/a><\/p>\n<p style=\"text-align: center\"><a href=\"https:\/\/site.uit.no\/viscam\/category\/filmcam-francais\/sujet\/migration\/\">Migration<\/a><\/p>\n<p style=\"text-align: center\"><a href=\"https:\/\/site.uit.no\/viscam\/category\/filmcam-francais\/sujet\/politique\/\">Politique<\/a><\/p>\n<p style=\"text-align: center\"><a href=\"https:\/\/site.uit.no\/viscam\/category\/filmcam-francais\/sujet\/religion-fr\/\">Religion<\/a><\/p>\n<p style=\"text-align: center\"><a href=\"https:\/\/site.uit.no\/viscam\/category\/filmcam-francais\/sujet\/sante\/\">Sant\u00e9<\/a><\/p>\n<p style=\"text-align: center\"><a href=\"https:\/\/site.uit.no\/viscam\/category\/filmcam-francais\/sujet\/la-technologie\/\">Technologie<\/a><\/p>\n<p style=\"text-align: center\">&nbsp;<\/p>\n<p style=\"text-align: center\">&nbsp;<\/p>\n","protected":false},"excerpt":{"rendered":"<p>Autorit\u00e9 Identit\u00e9 Industrie \u00c9ducation Environnement Famille Genre Groupe minoritaire Guerre Migration Politique Religion Sant\u00e9 Technologie &nbsp; &nbsp;<\/p>\n","protected":false},"author":1163,"featured_media":0,"parent":0,"menu_order":0,"comment_status":"closed","ping_status":"closed","template":"","meta":{"ngg_post_thumbnail":0,"footnotes":""},"class_list":["post-3047","page","type-page","status-publish","hentry"],"_links":{"self":[{"href":"https:\/\/site.uit.no\/viscam\/wp-json\/wp\/v2\/pages\/3047","targetHints":{"allow":["GET"]}}],"collection":[{"href":"https:\/\/site.uit.no\/viscam\/wp-json\/wp\/v2\/pages"}],"about":[{"href":"https:\/\/site.uit.no\/viscam\/wp-json\/wp\/v2\/types\/page"}],"author":[{"embeddable":true,"href":"https:\/\/site.uit.no\/viscam\/wp-json\/wp\/v2\/users\/1163"}],"replies":[{"embeddable":true,"href":"https:\/\/site.uit.no\/viscam\/wp-json\/wp\/v2\/comments?post=3047"}],"version-history":[{"count":14,"href":"https:\/\/site.uit.no\/viscam\/wp-json\/wp\/v2\/pages\/3047\/revisions"}],"predecessor-version":[{"id":3166,"href":"https:\/\/site.uit.no\/viscam\/wp-json\/wp\/v2\/pages\/3047\/revisions\/3166"}],"wp:attachment":[{"href":"https:\/\/site.uit.no\/viscam\/wp-json\/wp\/v2\/media?parent=3047"}],"curies":[{"name":"wp","href":"https:\/\/api.w.org\/{rel}","templated":true}]}}