{"id":3055,"date":"2021-03-24T20:45:59","date_gmt":"2021-03-24T19:45:59","guid":{"rendered":"https:\/\/site.uit.no\/viscam\/?page_id=3055"},"modified":"2021-05-26T11:24:07","modified_gmt":"2021-05-26T09:24:07","slug":"films-a-z-2","status":"publish","type":"page","link":"https:\/\/site.uit.no\/viscam\/films-a-z-2\/","title":{"rendered":"Films A-Z"},"content":{"rendered":"<p style=\"text-align: center\"><a href=\"https:\/\/site.uit.no\/viscam\/2021\/05\/20\/ants-smuggling-fr\/\">Ants Smuggling (La contrebande des fourmis)<\/a><\/p>\n<p style=\"text-align: center\"><a href=\"https:\/\/site.uit.no\/viscam\/2019\/07\/20\/awura-amba-zumras-dream-land-le-pays-des-reves-dawura-amba-zumra\/\">Awura-Amba Zumra\u2019s Dream Land (Le pays des r\u00eaves d\u2019Awura-Amba Zumra)<\/a><\/p>\n<p style=\"text-align: center\"><a href=\"https:\/\/site.uit.no\/viscam\/2019\/07\/22\/bagyeli-welfare-bien-etre-bagyeli\/\">Bagyeli Welfare (Bien-\u00eatre Bagyeli<\/a>)<\/p>\n<p style=\"text-align: center\"><a href=\"https:\/\/site.uit.no\/viscam\/2019\/07\/22\/the-baka-les-baka\/\">The Baka (Les baka)<\/a><\/p>\n<p style=\"text-align: center\"><a href=\"https:\/\/site.uit.no\/viscam\/2019\/07\/20\/before-the-feast-fr\/\">Before the Feast (Attendant la f\u00eate)<\/a><\/p>\n<p style=\"text-align: center\"><a href=\"https:\/\/site.uit.no\/viscam\/2019\/07\/22\/beyond-the-stigma-au-dela-de-la-stigmatisation\/\">Beyond The Stigma (Au-del\u00e0 de la stigmatisation)<\/a><\/p>\n<p style=\"text-align: center\"><a href=\"https:\/\/site.uit.no\/viscam\/2019\/07\/22\/broadband-to-heaven-le-haut-debit-au-paradis\/\">Broadband to Heaven (Le haut d\u00e9bit au paradis)<\/a><\/p>\n<p style=\"text-align: center\"><a href=\"https:\/\/site.uit.no\/viscam\/2021\/05\/20\/le-cabaret-de-la-mater\/\">Le cabaret de la mater<\/a><\/p>\n<p style=\"text-align: center\"><a href=\"https:\/\/site.uit.no\/viscam\/2021\/03\/18\/le-chateau\/\">The Chateau (Le Ch\u00e2teau)<\/a><\/p>\n<p style=\"text-align: center\"><a href=\"https:\/\/site.uit.no\/viscam\/2019\/07\/22\/conversation-with-the-weyto-conversation-avec-le-weyto\/\">Conversation with the Weyto (Conversation avec le Weyto)<\/a><\/p>\n<p style=\"text-align: center\"><a href=\"https:\/\/site.uit.no\/viscam\/2019\/07\/22\/cows-are-better-than-money-les-vaches-sont-meilleures-que-largent\/\">Cows are Better than Money (Les vaches sont meilleures que l\u2019argent)<\/a><\/p>\n<p style=\"text-align: center\"><a href=\"https:\/\/site.uit.no\/viscam\/2019\/07\/22\/culture-on-sale-culture-en-vente\/\">Culture on Sale (Culture en vente)<\/a><\/p>\n<p style=\"text-align: center\"><a href=\"https:\/\/site.uit.no\/viscam\/2019\/07\/22\/cyber-dreams-les-reves-cyber\/\">Cyber Dreams (Les r\u00eaves cyber)<\/a><\/p>\n<p style=\"text-align: center\"><a href=\"https:\/\/site.uit.no\/viscam\/2019\/07\/22\/the-destiny-of-belaka-saliou-saoumboum-le-destin-de-belaka-saliou-saoumboum\/\">Destiny of Belaka Saliou Saoumboum, The (Le destin de Belaka Saliou Saoumboum)<\/a><\/p>\n<p style=\"text-align: center\"><a href=\"https:\/\/site.uit.no\/viscam\/2019\/07\/22\/diyam-wala-water-and-life-in-kalfou-cameroon-leau-et-la-vie-a-kalfou-au-cameroun\/\">Diyam Wala: Water and Life in Kalfou Cameroon (L\u2019eau et la vie \u00e0 Kalfou au Cameroun)<\/a><\/p>\n<p style=\"text-align: center\"><a href=\"https:\/\/site.uit.no\/viscam\/2019\/07\/21\/djeneba-a-minyanka-woman-of-southern-mali-femme-minyanka-du-sud-mali\/\">Djeneba: A Minyanka Woman of Southern Mali (femme Minyanka du sud Mali)<\/a><\/p>\n<p style=\"text-align: center\"><a href=\"https:\/\/site.uit.no\/viscam\/2019\/07\/20\/doing-the-norway-faire-la-norvege\/\">Doing the Norway (Faire la Norv\u00e8ge)<\/a><\/p>\n<p style=\"text-align: center\"><a href=\"https:\/\/site.uit.no\/viscam\/2019\/07\/21\/echagh-the-well-echagh-le-puits\/\">Echagh: The Well (Echagh: Le puits)<\/a><\/p>\n<p style=\"text-align: center\"><a href=\"https:\/\/site.uit.no\/viscam\/2019\/07\/20\/esset-soul-of-the-gurage-esset-lame-du-gurage\/\">Esset: Soul Of The Gurage (L\u2019\u00e2me du gurage)<\/a><\/p>\n<p style=\"text-align: center\"><a href=\"https:\/\/site.uit.no\/viscam\/2019\/07\/22\/the-fish-come-with-the-rain-le-poisson-vient-avec-la-pluie\/\">The Fish Come with the Rain (Le poisson vient avec la pluie)<\/a><\/p>\n<p style=\"text-align: center\"><a href=\"https:\/\/site.uit.no\/viscam\/2021\/05\/20\/les-poissons-qui-ont-disparu\/\">The Fish that Disappeared (Les poissons qui ont disparu)<\/a><\/p>\n<p style=\"text-align: center\"><a href=\"https:\/\/site.uit.no\/viscam\/2019\/07\/20\/food-stories-histoires-de-nourriture\/\">Food Stories (Histoires de nourriture)<\/a><\/p>\n<p style=\"text-align: center\"><a href=\"https:\/\/site.uit.no\/viscam\/2020\/11\/12\/peu-sont-comme-la-pere\/\">Few are like father noone like mother (Peu sont comme la p\u00e8re, personne comme la m\u00e8re)<\/a><\/p>\n<p style=\"text-align: center\"><a href=\"https:\/\/site.uit.no\/viscam\/2019\/07\/20\/the-gold-hunters-les-chasseurs-dor\/\">The Gold Hunters (Les chasseurs d\u2019or)<\/a><\/p>\n<p style=\"text-align: center\"><a href=\"https:\/\/site.uit.no\/viscam\/2019\/07\/20\/gender-play-genre-jouer\/\">Gender Play (Genre jouer)<\/a><\/p>\n<p style=\"text-align: center\"><a href=\"https:\/\/site.uit.no\/viscam\/2019\/07\/22\/housing-the-city-loger-la-ville\/\">Housing the City (Loger la ville)<\/a><\/p>\n<p style=\"text-align: center\"><a href=\"https:\/\/site.uit.no\/viscam\/2019\/07\/20\/ippo-ippo-pas-a-pas\/\">Ippo Ippo (Pas \u00e0 pas)<\/a><\/p>\n<p style=\"text-align: center\"><a href=\"https:\/\/site.uit.no\/viscam\/2021\/01\/04\/ce-quils-apprendront\/\">Is What They Learn Worth What They Forget (Ce qu\u2019ils apprendront vaut-il ce qu\u2019ils oublieront?)<\/a><\/p>\n<p style=\"text-align: center\"><a href=\"https:\/\/site.uit.no\/viscam\/2019\/07\/22\/juarke-boys-made-men-in-mboum-society-les-garcons-ont-fait-les-hommes-dans-la-societe-du-mboum\/\">JUARKE: Boys made men in Mboum society (Les gar\u00e7ons ont fait les hommes dans la soci\u00e9t\u00e9 du Mboum)<\/a><\/p>\n<p style=\"text-align: center\"><a href=\"https:\/\/site.uit.no\/viscam\/2019\/07\/22\/kilanta-fr\/\">Kilanta (fr)<\/a><\/p>\n<p style=\"text-align: center\"><a href=\"https:\/\/site.uit.no\/viscam\/2019\/07\/22\/land-is-food-la-terre-est-la-nourriture\/\">Land is Food (La terre est la nourriture)<\/a><\/p>\n<p style=\"text-align: center\"><a href=\"https:\/\/site.uit.no\/viscam\/2019\/07\/20\/a-life-with-slate-une-vie-avec-de-lardoise\/\">Life with Slate, A (Une vie avec de l\u2019ardoise)<\/a><\/p>\n<p style=\"text-align: center\"><a href=\"https:\/\/site.uit.no\/viscam\/2019\/07\/22\/like-israelites-in-egypt-comme-les-israelites-en-egypte\/\">Like Israelites in Egypt (Comme les Isra\u00e9lites en Egypte)<\/a><\/p>\n<p style=\"text-align: center\"><a href=\"https:\/\/site.uit.no\/viscam\/2019\/07\/22\/the-long-road-back-to-dodo-le-long-chemin-du-retour-au-dodo\/\">Long Road Back to Dodo, The (Le long chemin du retour au dodo)<\/a><\/p>\n<p style=\"text-align: center\"><a href=\"https:\/\/site.uit.no\/viscam\/2019\/07\/22\/londji-plage-a-fishing-community-in-cameroon-une-communaute-de-peche-au-cameroun\/\">Londji Plage: a Fishing Community in Cameroon (Londji Plage: une communaut\u00e9 de p\u00eache au Cameroun)<\/a><\/p>\n<p style=\"text-align: center\"><a href=\"https:\/\/site.uit.no\/viscam\/2021\/05\/19\/mairuuwas\/\">Les Mairuuwas<\/a><\/p>\n<p style=\"text-align: center\"><a href=\"https:\/\/site.uit.no\/viscam\/2019\/07\/22\/the-master-said-that-le-maitre-a-dit-que\/\">Master said that.., The (Le Ma\u00eetre a dit que)<\/a><\/p>\n<p style=\"text-align: center\"><a href=\"https:\/\/site.uit.no\/viscam\/2019\/07\/22\/marriage-is-a-partnership-le-mariage-est-un-partenariat\/\">Marriage is a Partnership (Le mariage est un partenariat)<\/a><\/p>\n<p style=\"text-align: center\"><a href=\"https:\/\/site.uit.no\/viscam\/2019\/07\/22\/mindif-a-living-museum-un-musee-vivant\/\">Mindif: A Living Museum (Un mus\u00e9e vivant)<\/a><\/p>\n<p style=\"text-align: center\"><a href=\"https:\/\/site.uit.no\/viscam\/2019\/07\/22\/missionaries-and-power-missionnaires-et-pouvoir\/\">Missionaries and Power (Missionnaires et pouvoir)<\/a><\/p>\n<p style=\"text-align: center\"><a href=\"https:\/\/site.uit.no\/viscam\/2019\/07\/22\/new-way-of-life-ny-livsstil\/\">New Way of Life (Nouveau mode de vie)<\/a><\/p>\n<p style=\"text-align: center\"><a href=\"https:\/\/site.uit.no\/viscam\/2019\/07\/22\/noise-that-brings-money-un-bruit-qui-rapporte-de-largent\/\">Noise That Brings Money (Bruit qui rapporte de l\u2019argent)<\/a><\/p>\n<p style=\"text-align: center\"><a href=\"https:\/\/site.uit.no\/viscam\/2021\/01\/04\/niger-norway-2\/\">Niger \u2013 Norway&nbsp;&nbsp; (Niger \u2013 Norv<span class=\"VIiyi\" lang=\"fr\"><span class=\"JLqJ4b ChMk0b\">\u00e8<\/span><\/span>ge)<\/a><\/p>\n<p style=\"text-align: center\"><a href=\"https:\/\/site.uit.no\/viscam\/2019\/07\/22\/only-quality-matters-seule-la-qualite-compte\/\">Only Quality Matters (Seule la qualit\u00e9 compte)<\/a><\/p>\n<p style=\"text-align: center\"><a href=\"https:\/\/site.uit.no\/viscam\/2019\/07\/20\/the-principals-fight-le-combat-du-principal\/\">The Principal\u2019s Fight (Le combat du principal)<\/a><\/p>\n<p style=\"text-align: center\"><a href=\"https:\/\/site.uit.no\/viscam\/2019\/07\/19\/rehe-les-forgerons-de-mogode\/\">Rehe: The Blacksmiths of Mogode (Les Forgerons de Mogode)<\/a><\/p>\n<p style=\"text-align: center\"><a href=\"https:\/\/site.uit.no\/viscam\/2019\/07\/22\/returning-to-the-past-revenir-dans-le-passe\/\">Returning to the Past (Revenir dans le pass\u00e9)<\/a><\/p>\n<p style=\"text-align: center\"><a href=\"https:\/\/site.uit.no\/viscam\/2019\/07\/20\/serigne-samba-fr\/\">Serigne Samba (fr)<\/a><\/p>\n<p style=\"text-align: center\"><a href=\"https:\/\/site.uit.no\/viscam\/2019\/07\/20\/the-spiral-of-silence-la-spirale-du-silence\/\">The Spiral of Silence&nbsp; (La spirale du silence)<\/a><\/p>\n<p style=\"text-align: center\"><a href=\"https:\/\/site.uit.no\/viscam\/2019\/07\/22\/struggle-for-a-living-lutte-pour-la-vie\/\">Struggle for a living (Lutte pour la vie)<\/a><\/p>\n<p style=\"text-align: center\"><a href=\"https:\/\/site.uit.no\/viscam\/2019\/07\/22\/the-sultans-burden-le-fardeau-du-sultan\/\">The Sultan\u2019s Burden (Le fardeau du sultan)<\/a><\/p>\n<p style=\"text-align: center\"><a href=\"https:\/\/site.uit.no\/viscam\/2019\/07\/22\/together-as-one-tous-ensemble\/\">Together as One (Tous ensemble)<\/a><\/p>\n<p style=\"text-align: center\"><a href=\"https:\/\/site.uit.no\/viscam\/2019\/07\/20\/twilight-spaces-a-boy-in-time-2\/\">Twilight Spaces: A Boy in Time (Cr\u00e9puscule: un gar\u00e7on \u00e0 temps)<\/a><\/p>\n<p style=\"text-align: center\"><a href=\"https:\/\/site.uit.no\/viscam\/2020\/11\/12\/quatre-femmes-et-un-marabout\/\">Quatre femmes et un marabout (Four Wives and a Marabout)<\/a><\/p>\n<p style=\"text-align: center\"><a href=\"https:\/\/site.uit.no\/viscam\/2019\/07\/22\/when-nomads-settle-quand-les-nomades-sinstallent\/\">When Nomads Settle (Quand les nomades s\u2019installent)<\/a><\/p>\n<p style=\"text-align: center\"><a href=\"https:\/\/site.uit.no\/viscam\/2021\/03\/18\/epouses\/\">Wives (\u00c9pouses)<\/a><\/p>\n<p style=\"text-align: center\"><a href=\"https:\/\/site.uit.no\/viscam\/2021\/05\/20\/le-monde-na-pas-change\/\">Work of Pleasure, The (Le travail du plaisir)<\/a><\/p>\n<p style=\"text-align: center\"><a href=\"https:\/\/site.uit.no\/viscam\/2021\/05\/20\/le-monde-na-pas-change\/\">The World has not Changed (Le monde n&#8217;a pas chang<\/a><a href=\"https:\/\/site.uit.no\/viscam\/2019\/07\/22\/returning-to-the-past-revenir-dans-le-passe\/\">\u00e9<\/a><a href=\"https:\/\/site.uit.no\/viscam\/2021\/05\/20\/le-monde-na-pas-change\/\">)<\/a><\/p>\n<p style=\"text-align: center\"><a href=\"https:\/\/site.uit.no\/viscam\/2019\/07\/22\/zavra-a-passer-in-kapsiki-land-un-passeur-dans-le-pays-kapsiki-2\/\">Zavra: A Passer in Kapsiki Land (un passeur dans le pays Kapsiki)<\/a><\/p>\n","protected":false},"excerpt":{"rendered":"<p>Ants Smuggling (La contrebande des fourmis) Awura-Amba Zumra\u2019s Dream Land (Le pays des r\u00eaves d\u2019Awura-Amba Zumra) Bagyeli Welfare (Bien-\u00eatre Bagyeli) The Baka (Les baka) Before the Feast (Attendant la f\u00eate) Beyond The Stigma (Au-del\u00e0&#46;&#46;&#46;<\/p>\n","protected":false},"author":1163,"featured_media":0,"parent":0,"menu_order":0,"comment_status":"closed","ping_status":"closed","template":"","meta":{"ngg_post_thumbnail":0,"footnotes":""},"class_list":["post-3055","page","type-page","status-publish","hentry"],"_links":{"self":[{"href":"https:\/\/site.uit.no\/viscam\/wp-json\/wp\/v2\/pages\/3055","targetHints":{"allow":["GET"]}}],"collection":[{"href":"https:\/\/site.uit.no\/viscam\/wp-json\/wp\/v2\/pages"}],"about":[{"href":"https:\/\/site.uit.no\/viscam\/wp-json\/wp\/v2\/types\/page"}],"author":[{"embeddable":true,"href":"https:\/\/site.uit.no\/viscam\/wp-json\/wp\/v2\/users\/1163"}],"replies":[{"embeddable":true,"href":"https:\/\/site.uit.no\/viscam\/wp-json\/wp\/v2\/comments?post=3055"}],"version-history":[{"count":18,"href":"https:\/\/site.uit.no\/viscam\/wp-json\/wp\/v2\/pages\/3055\/revisions"}],"predecessor-version":[{"id":3409,"href":"https:\/\/site.uit.no\/viscam\/wp-json\/wp\/v2\/pages\/3055\/revisions\/3409"}],"wp:attachment":[{"href":"https:\/\/site.uit.no\/viscam\/wp-json\/wp\/v2\/media?parent=3055"}],"curies":[{"name":"wp","href":"https:\/\/api.w.org\/{rel}","templated":true}]}}