{"id":10,"date":"2022-01-17T14:34:14","date_gmt":"2022-01-17T14:34:14","guid":{"rendered":"https:\/\/site.uit.no\/vow\/?page_id=10"},"modified":"2025-02-08T20:40:48","modified_gmt":"2025-02-08T20:40:48","slug":"contact","status":"publish","type":"page","link":"https:\/\/site.uit.no\/vow\/contact\/","title":{"rendered":""},"content":{"rendered":"<h4>Work-package leaders<\/h4>\n<p>Bettina Smith: bettina.smith[at]uis.no (Project leader; Leader WP 2: Performative Implementation of Training)<\/p>\n<p>Lise Meling: lise.meling[at]uis.no (Leader WP4: Evaluation)<\/p>\n<p>Lilli Mittner: lilli.mittner[at]uit.no (Leader WP 1: Theoretical Framework)<\/p>\n<h4>Consortium\u00a0<\/h4>\n<p><b>Petra Broomans <\/b><span style=\"font-weight: 400\">is<\/span> <span style=\"font-weight: 400\">associate professor e.m. with ius promovendi at Groningen University. She was visiting professor at Ghent University 2000=2003 and 2011-2022. In January 2020 she was appointed Doctor honoris causa by Uppsala University\u2019s Faculty of Arts. <\/span><span style=\"font-weight: 400\">She is member of several international associations<\/span><span style=\"font-weight: 400\"> and treasurer of the Committee of the International Federation for Modern Languages and Literatures (FILLM). Between 2005 and 2020, she was chair of the Centre of Gender Studies, Faculty of Arts, University of Groningen. <\/span><span style=\"font-weight: 400\">She is dire<\/span><span style=\"font-weight: 400\">ctor of the Dutch translators\u2019 dictionary: <\/span><span style=\"font-weight: 400\">https:\/\/www.vertalerslexicon.nl\/<\/span><span style=\"font-weight: 400\">. <\/span><span style=\"font-weight: 400\">She has published extensively on cultural transfer, Scandinavian literature and women\u2019s literature. <\/span><span style=\"font-weight: 400\">Her research interests include cultural transfer, world literature, meta-literary history and minority literature. She is series editor of<\/span> <span style=\"font-weight: 400\">the<\/span><i><span style=\"font-weight: 400\"> Studies on Cultural Transfer and Transmission<\/span><\/i><span style=\"font-weight: 400\"> (CTaT). She is also a tango dancer, choreographer and teacher. She published articles on Argentine tango, a.o. \u201cTwo Tango Tales in One\u201d, together with Lars Huld\u00e9n. See for an overview of her works:<\/span><a href=\"https:\/\/www.petrabroomans.net\"> <span style=\"font-weight: 400\">https:\/\/www.petrabroomans.net<\/span><span style=\"font-weight: 400\"><br \/><\/span><\/a><\/p>\n<p><a href=\"https:\/\/www.petrabroomans.net\"><span style=\"font-weight: 400\"><strong>Contact: Petra Broomans: p.broomans[at]rug.nl<\/strong><\/span><\/a><\/p>\n<p><b>Lena Haselmann-Kr\u00e4nzle, <\/b><span style=\"font-weight: 400\">tysk-norske mezzosopran, professor i sang og stemmetr\u00e6ning ved University of Music FRANZ LISZT i Weimar siden 2022. Et spesielt fokus i hennes kunstneriske arbeid er tolkningen av skandinaviske sangkomposisjoner. Avhandlingen hennes om profesjonell musikkutdanning i 1800-tallets Norge har tittelen <\/span><i><span style=\"font-weight: 400\">Agathe Backer Gr\u00f8ndahl. Fra Norge til Berlin<\/span><\/i><span style=\"font-weight: 400\">. CD-produksjoner inkluderer <\/span><i><span style=\"font-weight: 400\">Rastlose Liede og Durchl\u00f6cherte Tradition<\/span><\/i><span style=\"font-weight: 400\">. Engasjementer inkluderer bl.a. Statsoperaen i Berlin, La Scala i Milano, Grand Th\u00e9\u00e2tre de Gen\u00e8ve, Operaen i G\u00f6teborg, Teatro Comunale Bologna, Den Jyske Opera, Staatstheater Wiesbaden, Ravinia Festival i Chicago, USA, Kunstfest Weimar, New Opera Days i Ostrava Tjekkiet og SWR-festivalen i Schwetzingen. <\/span><\/p>\n<p><strong>Contact: lena.haselmann-kraenzle[at]hfm-weimar.de<\/strong><\/p>\n<p><b>Janke Klok, <\/b><span style=\"font-weight: 400\">Henrik-Steffens-professor ved Humboldt-Universit\u00e4t zu Berlin 2014-2018, er for tiden forsker ved Universitetet i Groningen og Nasjonalbiblioteket i Oslo. Hennes forskningsinteresser omfatter det litter\u00e6re Arktis, biografiske studier, cultural exchange, urbane studier og kj\u00f8nnsstudier. Sammen med Prof. Dr. Lena Haselmann og f\u00f8rsteamanuensis Lilli Mittner startet hun den tverrfaglige forskergruppen RESCAPE. Hun er engasjert i Experiment Geisteswissenschaft. Exploring academic practices; Die Korrespondenz des Naturphilosophen Henrik Steffens (Humboldt Universit\u00e4t zu Berlin); Erasmus+ prosjektet Voices of Women (2022-2024) og Made Abroad: Producing Norwegian World Literature in a Time of Rupture, 1900\u201350 (Nasjonalbiblioteket Norge, 2023-2026).\u00a0<\/span><\/p>\n<p><strong>Contact:\u00a0janke.klok[at]hu-berlin.de<\/strong><\/p>\n<p><b>Kristin McGee<\/b><span style=\"font-weight: 400\"> is an Associate Professor of Popular Music at the University of Groningen and a Senior Lecturer in Jazz and Contemporary Music Performance at the School of Music at the Australian National University. Her research focuses upon popular music and jazz performance and media through the lens of critical intersectional frameworks. Publications include <\/span><a href=\"http:\/\/www.jazzwomenfilmtelevision.com\/\"><i><span style=\"font-weight: 400\">Some Liked it Hot: Jazz Women in Film and Television, 1928-1959 <\/span><\/i><\/a><span style=\"font-weight: 400\">(Wesleyan University Press 2009), <\/span><i><span style=\"font-weight: 400\">Remixing European Jazz Culture<\/span><\/i><span style=\"font-weight: 400\"> (Routledge 2020) and a co-edited volume <\/span><i><span style=\"font-weight: 400\">Beyonc\u00e9 in the World: Meaning Making in Troubled Times<\/span><\/i><span style=\"font-weight: 400\">, awarded honourable mention for the <\/span><span style=\"font-weight: 400\">2023 Ellen Koskoff Best Edited Volume Prize<\/span><span style=\"font-weight: 400\">. McGee is also a saxophonist and has performed with groups in Chicago and Groningen.<\/span><\/p>\n<p><strong>Contact: k.a.mcgee[at]rug.nl<\/strong><\/p>\n<p><b>Lise Karin Meling <\/b><span style=\"font-weight: 400\">er f\u00f8rsteamanuensis i musikk ved Fakultet for ut\u00f8vende kunstfag, Universitetet i Stavanger. Hun har tre hovedforskningsfelt: komposisjoner av kvinnelige komponister p\u00e5 1600-og 1700-tallet; musikklivet i Norge p\u00e5 1800-og 1900-tallet og klaverets betydning som hjemmets instrument; didaktiske perspektiver i musikkhistorien. Hun har publisert flere artikler fra forskningsfeltene, og presentert papers p\u00e5 mange internasjonale konferanser. Meling er ogs\u00e5 aktiv som cembalout\u00f8ver, hvor hun har l\u00f8ftet frem ukjente verk av kvinnelige komponister.<\/span><\/p>\n<p><strong>Contact: \u00a0lise.meling[at]uis.no<\/strong><\/p>\n<p><b>Lilli Mittner <\/b><span style=\"font-weight: 400\">er f\u00f8rsteamanuensis ved Senter for kvinne- og kj\u00f8nnsforskning ved UiT Norges arktiske universitet med doktorgrad fra musikkh\u00f8gskolen i Hannover med et arbeid om kvinnelige komponister i Norge p\u00e5 1800-tallet. Hun har publisert bl.a. om studentenes rolle i curriculum transformasjon, kanon kritikk, musikk som kulturell praksis, kj\u00f8nnsbalanse i h\u00f8yere utdanning, avkolonialisering i undervisning og kunst og demens.\u00a0<\/span><\/p>\n<p><strong>Contact:\u00a0lilli.mittner[at]uit.no<\/strong><\/p>\n<p><b>Bettina Smith<\/b><span style=\"font-weight: 400\"> is <\/span><span style=\"font-weight: 400\">professor i klassisk sang ved Fakultet for Ut\u00f8vende Kunstfag, Universitetet i Stavanger. Bettina har en omfattende internasjonal solistkarriere som opera, romanse og oratoriumsanger, samt innenfor kammermusikk. Hun har et stort repertoar fra middelaldermusikk til samtidsmusikk, med en forkj\u00e6rlighet for barokken og romansetradisjonen. Hun har gitt ut 5 kritikerroste solo CDer p\u00e5 LAWO Classics, og har som eneste kvinne sunget inn samtlige sykluser for sang og klaver av Gabriel Faur\u00e9. For hennes siste utgivelse, \u00abThe Artist`s Secret\u00bb, ble hun nominert til \u00e5rets kvinnelige sanger i 2022 av Opus Klassik i Tyskland. Bettina er initiativtaker og prosjektleder av ERASMUS+ prosjektet Voices of Women.<\/span><\/p>\n<p><span style=\"font-weight: 400\">\u00a0<\/span><\/p>\n<p><b>Anne-Lise Sollied,<\/b><span style=\"font-weight: 400\"> er<\/span><span style=\"font-weight: 400\"> siden 2008 ansatt som professor i sang ved Musikkonservatoriet, UiT Norges arktiske universitet. Hun har sin utdannelse fra Nord-Norsk Musikkonservatorium, Norges musikkh\u00f8gskole, Statens Operah\u00f8gskole og private studier i Italia. Omfattende karriere som lieder- og operasanger.Vinner av flere internasjonale priser, samt Nordlysprisen i 2014.\u00a0 Aktuelle FoU-prosjekter i tillegg til ut\u00f8vende virksomhet er Voices of Women (2021-2024), ferdigstilling av et kompendium for den unge sopranstemmen. I tillegg er hun styremedlem i Verdensoperaen i Troms\u00f8 og Troms\u00f8 Operaforening.<\/span><\/p>\n<p><span style=\"font-weight: 400\"> <strong>Contact: anne-lise.sollied[at]uit.no<\/strong><\/span><\/p>\n<p><b>Friederike Wildsch\u00fctz<\/b><span style=\"font-weight: 400\"> er f\u00f8rsteamanuensis i akkompagnement ved Universitetet i Stavanger, Fakultet for ut\u00f8vende kunstfag. Hun har sin utdanning fra <\/span><span style=\"font-weight: 400\">Hochschule f\u00fcr Musik Franz Liszt Weimar og Universitetet i Stavanger. Hun har <\/span><span style=\"font-weight: 400\">vunnet priser i tyske og internasjonale konkurranser, var vinner av Shellprisen i 2012, og har opptr\u00e5dt i flere europeiske land. <\/span><span style=\"font-weight: 400\">Hun er en etterspurt akkompagnat\u00f8r og kammermusiker, og har gjort opptredener blant annet i Stavanger konserthus, ved Stavanger Kammermusikkfestival, og Norwegian Youth Chamber Music Festival.<\/span><span style=\"font-weight: 400\"> Hennes hovedinteresse som forsker og ut\u00f8ver er kammermusikk for sang og klaver, spesielt tysk Lied, fra slutten av det 19. og begynnelsen av det 20. \u00e5rhundre. Friederike fullf\u00f8rte i 2018 sitt stipendiatprosjekt ved Universitetet i Stavanger og Program for kunstnerisk utviklingsarbeid om pianistens rolle i Arnold Sch\u00f6nbergs sangsyklus \u00abDas Buch der h\u00e4ngenden G\u00e4rten\u00bb.\u00a0<\/span><\/p>\n<p><strong>Contact: friederike.wildschutz[at]uis.no<\/strong><\/p>\n<h4>Team Troms\u00f8<\/h4>\n<p style=\"font-weight: 400\"><strong><span data-markjs=\"true\">Friederike<\/span> <span data-markjs=\"true\">Bischoff<\/span> <\/strong>er f\u00f8dt i Tyskland og har sin utdanning fra Staatliche Hochschule f\u00fcr Musik i Trossingen, Karlsruhe, Troms\u00f8 og Mannheim. Hun driver en aktiv og utstrakt konsertvirksomhet b\u00e5de som solist og akkompagnat\u00f8r i inn- og utlandet og er en ettertraktet kammermusikkpartner. Siden 2005 er hun ansatt som f\u00f8rsteamanuensis i piano ved Norges Arktiske Universitet i Troms\u00f8, Musikkonservatoriet. Med \u00ab\u00d8nskekonsert\u00bb har <span data-markjs=\"true\">Friederike<\/span> siden 2017 utviklet et nytt konsertformat, der publikum bidrar samskapende i utviklingen av konsertprogrammet og dermed blir en del av selve skapelsesprosessen.<\/p>\n<p data-pm-slice=\"1 1 []\"><strong>Kate Maxwell<\/strong> is professor of music history, theory, and analysis at UiT The Arctic University of Norway. She researches on music and gender in various contexts, including queer studies, the erotic, multimodality, children&#8217;s music, medieval studies, and literature. She is a member of the environmental humanities network at UiT, and teaches modules on music history, music and society, and artistic research methods. Selected recent publications: Maxwell, 2023 (Excellence): <a href=\"https:\/\/doi.org\/10.4324\/9781003363590\" target=\"_blank\" rel=\"noopener noreferrer nofollow\">https:\/\/doi.org\/10.4324\/9781003363590<\/a>\u00a0Maxwell and Greenaway, 2022 (Flow): <a href=\"https:\/\/doi.org\/10.1177\/26349795221136859\" target=\"_blank\" rel=\"noopener noreferrer nofollow\">https:\/\/doi.org\/10.1177\/26349795221136859 <\/a>(OA version here: <a href=\"https:\/\/hdl.handle.net\/10037\/27473\" target=\"_blank\" rel=\"noopener noreferrer nofollow\">https:\/\/hdl.handle.net\/10037\/27473<\/a>) Maxwell and Fosse Hansen, 2022 (Diversifying music history):<a href=\"https:\/\/danishmusicologyonline.dk\/arkiv\/arkiv_dmo\/dmo_saernummer_2022\/dmo_saernummer_2022_european_music_analysis_06.pdf\" target=\"_blank\" rel=\"noopener noreferrer nofollow\">danishmusicologyonline.dk\/arkiv\/arkiv_dmo\/dmo_saernummer_2022\/dmo_saernummer_2022_european_music_analysis_06.pdf<\/a>\u00a0<\/p>\n<p><strong>Marit Anne Hauan<\/strong> er f\u00f8rsteamanuensis i kulturvitenskap ved Polarmuseet,\u00a0UiT Norges arktiske universitetsmuseum. Forskningsinteressene hennes omfatter blant annet nordlige og polare folkelig kulturuttrykk samt museers fremstillinger av polare praksiser. Kj\u00f8nn, identitet og etnisitet og klasse er sentrale perspektiv. Skaping av utstillinger, arrangement og tekster er viktige deler av Hauans forskningsprosesser. For tida er hun leder av forskningsgruppa XARC (Exploration, Exploitation and Exposition of the Gendered Heritage of the Arctic), UiT Norges arktiske universitet.<\/p>\n<p><strong>Sergej Osadchuk<\/strong> er utdannet ved Moskva Musikkonservatorium under Pavel Messner. Etter \u00e5 ha spilt som solist med Moskva filharmoniske, Moskva radioorkester m.m., har han siden 1992 bodd i Norge og spilt med Troms\u00f8 Symfoniorkester, Kristiansand Symfoniorkester o.a. Han er professor ved musikkonservatoriet ved Universitetet i Troms\u00f8.<\/p>\n<p><strong>Team Weimar<\/strong><\/p>\n<p>Jens Ewens<\/p>\n<p>Khanh Ly Tran Phung : y.tran@hfm-weimar.de<\/p>\n\n\n<p><\/p>\n","protected":false},"excerpt":{"rendered":"<p>Work-package leaders Bettina Smith: bettina.smith[at]uis.no (Project leader; Leader WP 2: Performative Implementation of Training) Lise Meling: lise.meling[at]uis.no (Leader WP4: Evaluation) Lilli Mittner: lilli.mittner[at]uit.no (Leader WP 1: Theoretical Framework) Consortium\u00a0 Petra Broomans is associate professor e.m. with ius promovendi at Groningen University. She was visiting professor at Ghent University 2000=2003 and 2011-2022. In January 2020 she &hellip; <\/p>\n<p class=\"link-more\"><a href=\"https:\/\/site.uit.no\/vow\/contact\/\" class=\"more-link\">Continue reading<span class=\"screen-reader-text\"> &#8220;&#8221;<\/span><\/a><\/p>\n","protected":false},"author":746,"featured_media":0,"parent":0,"menu_order":0,"comment_status":"closed","ping_status":"closed","template":"","meta":{"footnotes":""},"class_list":["post-10","page","type-page","status-publish","hentry"],"_links":{"self":[{"href":"https:\/\/site.uit.no\/vow\/wp-json\/wp\/v2\/pages\/10","targetHints":{"allow":["GET"]}}],"collection":[{"href":"https:\/\/site.uit.no\/vow\/wp-json\/wp\/v2\/pages"}],"about":[{"href":"https:\/\/site.uit.no\/vow\/wp-json\/wp\/v2\/types\/page"}],"author":[{"embeddable":true,"href":"https:\/\/site.uit.no\/vow\/wp-json\/wp\/v2\/users\/746"}],"replies":[{"embeddable":true,"href":"https:\/\/site.uit.no\/vow\/wp-json\/wp\/v2\/comments?post=10"}],"version-history":[{"count":3,"href":"https:\/\/site.uit.no\/vow\/wp-json\/wp\/v2\/pages\/10\/revisions"}],"predecessor-version":[{"id":410,"href":"https:\/\/site.uit.no\/vow\/wp-json\/wp\/v2\/pages\/10\/revisions\/410"}],"wp:attachment":[{"href":"https:\/\/site.uit.no\/vow\/wp-json\/wp\/v2\/media?parent=10"}],"curies":[{"name":"wp","href":"https:\/\/api.w.org\/{rel}","templated":true}]}}